{"id":946,"date":"2025-09-24T13:27:33","date_gmt":"2025-09-24T11:27:33","guid":{"rendered":"https:\/\/gematec.de\/?post_type=product&#038;p=946"},"modified":"2025-11-21T12:01:13","modified_gmt":"2025-11-21T11:01:13","slug":"mazak-vc-smart-530c-bj-2012","status":"publish","type":"product","link":"https:\/\/gematec.de\/en\/product\/mazak-vc-smart-530c-bj-2012\/","title":{"rendered":"Mazak <br> VC Smart 530C (Bj. 2012)"},"content":{"rendered":"<p data-start=\"1252\" data-end=\"1624\">Das <strong data-start=\"87\" data-end=\"105\">MAZAK VCS 530C<\/strong> ist ein leistungsstarkes vertikales Bearbeitungszentrum, ideal f\u00fcr pr\u00e4zise Fr\u00e4sarbeiten im industriellen Umfeld. Gesteuert wird die Maschine \u00fcber die benutzerfreundliche <strong data-start=\"276\" data-end=\"304\">Mazatrol Smart Steuerung<\/strong>.<\/p>\n<p data-start=\"1626\" data-end=\"1929\">Die Kombination aus leistungsstarker Hauptspindel (bis 12.000\u202fU\/min), 30-fach Werkzeugwechsler und pr\u00e4ziser Achsdynamik sorgt f\u00fcr exzellente Bearbeitungsqualit\u00e4t bei gleichzeitig hoher Produktivit\u00e4t. Die Ausstattung mit Werkzeugl\u00e4ngenmesssystem und Sp\u00e4nef\u00f6rderer erh\u00f6ht die Prozesssicherheit zus\u00e4tzlich.<\/p>\n<p data-start=\"1626\" data-end=\"1929\">APPLICATIONS:<\/p>\n<ul>\n<li data-start=\"1626\" data-end=\"1929\"><strong>Fr\u00e4s- und Bohrbearbeitung<\/strong><\/li>\n<li data-start=\"1626\" data-end=\"1929\"><strong>Formen- und Vorrichtungsbau<\/strong><\/li>\n<li data-start=\"1626\" data-end=\"1929\"><strong>Serien- und Einzelfertigung mit hohem Zerspanvolumen<\/strong><\/li>\n<li data-start=\"1626\" data-end=\"1929\"><strong>Maschinen- und Anlagenbau<\/strong><\/li>\n<li data-start=\"1626\" data-end=\"1929\"><strong>Automobil- und Zulieferindustrie<\/strong><\/li>\n<\/ul>","protected":false},"excerpt":{"rendered":"<p><strong data-start=\"148\" data-end=\"205\">Technical highlights\u00a0<\/strong><\/p>\n<ul>\n<li><strong data-start=\"208\" data-end=\"222\">Control:<\/strong> Mazatrol Smart<\/li>\n<li><strong data-start=\"372\" data-end=\"400\">Travel (X \/ Y \/ Z):<\/strong> 1.050\u202f\/\u202f530\u202f\/\u202f510\u202fmm<\/li>\n<li><strong data-start=\"424\" data-end=\"449\">Rapid Traverse (X \/ Y \/ Z):<\/strong> 42 \/ 42 \/ 42\u202fm\/min<\/li>\n<li><strong data-start=\"471\" data-end=\"498\">Installation area (L \u00d7 W):<\/strong> 2.880 \u00d7 2.929\u202fmm<\/li>\n<li><strong data-start=\"518\" data-end=\"536\">Machine height:<\/strong> 2.808\u202fmm<\/li>\n<li><strong data-start=\"548\" data-end=\"560\">Weight:<\/strong> ca. 7.000\u202fkg<\/li>\n<li><strong data-start=\"578\" data-end=\"587\">Table: <\/strong>Gr\u00f6\u00dfe: 1.300 \u00d7 550\u202fmm<\/li>\n<li><strong>Load capacity:<\/strong> 1.200\u202fkg<\/li>\n<li><strong>Distance between spindle nose and table<\/strong>: 150\u202f\u2013\u202f660\u202fmm<\/li>\n<li><strong data-start=\"686\" data-end=\"702\">Main spindle<\/strong>\n<ul>\n<li>Speed: 12.000 rpm<\/li>\n<li>Drive power: 18.5 kW (5 min) \/ 11 kW (30 min)<\/li>\n<li>K\u00fchlung durch die Spindel: 15\u202fbar<\/li>\n<\/ul>\n<\/li>\n<li><strong data-start=\"825\" data-end=\"845\">Tool changer<\/strong>\n<ul>\n<li>30-round magazine<\/li>\n<li>Tool holder: SK 40<\/li>\n<li>Max. Werkzeugdurchmesser: 80\u202fmm (125\u202fmm bei freien Nebenpl\u00e4tzen)<\/li>\n<li>Max. tool length: 350 mm<\/li>\n<li>Max. tool weight: 8 kg<\/li>\n<\/ul>\n<\/li>\n<li><strong data-start=\"1028\" data-end=\"1050\">Options:<\/strong>\n<ul>\n<li>Chip conveyor<\/li>\n<li>Automatic tool length measuring system<\/li>\n<li>Electronic handwheel<\/li>\n<li>Renishaw Messtaster OMP 60<\/li>\n<\/ul>\n<\/li>\n<\/ul>\n[quform id=\"2\" name=\"Anfrage\"]\n<p>&nbsp;<\/p>","protected":false},"featured_media":974,"template":"","meta":[],"product_brand":[],"product_cat":[33,29,35,42,37,22,32,20,36],"product_tag":[],"class_list":{"0":"post-946","1":"product","2":"type-product","3":"status-publish","4":"has-post-thumbnail","6":"product_cat-automation","7":"product_cat-automobile","8":"product_cat-formenbau","9":"product_cat-maschinen","10":"product_cat-maschinenbau","11":"product_cat-mazak","12":"product_cat-medizintechnik","13":"product_cat-vertikale-bearbeitungszentren","14":"product_cat-werkzeugbau","16":"first","17":"instock","18":"taxable","19":"shipping-taxable","20":"product-type-simple"},"_links":{"self":[{"href":"https:\/\/gematec.de\/en\/wp-json\/wp\/v2\/product\/946","targetHints":{"allow":["GET"]}}],"collection":[{"href":"https:\/\/gematec.de\/en\/wp-json\/wp\/v2\/product"}],"about":[{"href":"https:\/\/gematec.de\/en\/wp-json\/wp\/v2\/types\/product"}],"wp:featuredmedia":[{"embeddable":true,"href":"https:\/\/gematec.de\/en\/wp-json\/wp\/v2\/media\/974"}],"wp:attachment":[{"href":"https:\/\/gematec.de\/en\/wp-json\/wp\/v2\/media?parent=946"}],"wp:term":[{"taxonomy":"product_brand","embeddable":true,"href":"https:\/\/gematec.de\/en\/wp-json\/wp\/v2\/product_brand?post=946"},{"taxonomy":"product_cat","embeddable":true,"href":"https:\/\/gematec.de\/en\/wp-json\/wp\/v2\/product_cat?post=946"},{"taxonomy":"product_tag","embeddable":true,"href":"https:\/\/gematec.de\/en\/wp-json\/wp\/v2\/product_tag?post=946"}],"curies":[{"name":"wp","href":"https:\/\/api.w.org\/{rel}","templated":true}]}}