{"id":922,"date":"2025-08-20T09:22:10","date_gmt":"2025-08-20T07:22:10","guid":{"rendered":"https:\/\/gematec.de\/?post_type=product&#038;p=922"},"modified":"2025-08-20T09:37:21","modified_gmt":"2025-08-20T07:37:21","slug":"mazak-hqr-200-msy-bj-2018","status":"publish","type":"product","link":"https:\/\/gematec.de\/en\/product\/mazak-hqr-200-msy-bj-2018\/","title":{"rendered":"Mazak <br> HQR 200 MSY (Year 2018)"},"content":{"rendered":"<p data-start=\"1352\" data-end=\"1745\">Diese Mazak CNC-Drehmaschine mit <strong data-start=\"1385\" data-end=\"1403\">zwei Revolvern<\/strong>, <strong data-start=\"1405\" data-end=\"1417\">Y-Achsen<\/strong> und <strong data-start=\"1422\" data-end=\"1454\">C-Achsen auf beiden Spindeln<\/strong> bietet h\u00f6chste Flexibilit\u00e4t und Pr\u00e4zision f\u00fcr komplexe Bearbeitungsaufgaben. Mit <strong data-start=\"1536\" data-end=\"1561\">22\u202fkW Spindelleistung<\/strong>, <strong data-start=\"1563\" data-end=\"1607\">angetriebenen Werkzeugen bis 6.000\u202fU\/min<\/strong> sowie einer hochaufl\u00f6senden Mazak Smooth Steuerung ist sie bestens geeignet f\u00fcr die Mehrseitenbearbeitung und reduzierte Durchlaufzeiten.<\/p>\n<p data-start=\"1747\" data-end=\"2030\">Zwei Werkzeugrevolver mit je 12 Stationen, gro\u00dfz\u00fcgiger Y-Achsen-Verfahrweg und umfangreiches Zubeh\u00f6r (inkl. Spannzangenfutter, hydraulische Futter, Live Tools, Werkst\u00fcckentladungssystem) machen diese Maschine zur idealen L\u00f6sung f\u00fcr moderne Fertigungsbetriebe mit h\u00f6chsten Anspr\u00fcchen.<\/p>\n<p data-start=\"1747\" data-end=\"2030\"><strong>APPLICATIONS:<\/strong><\/p>\n<ul>\n<li data-start=\"2100\" data-end=\"2243\">\n<p data-start=\"2102\" data-end=\"2243\"><strong data-start=\"2102\" data-end=\"2147\">Serienfertigung in der Automobilindustrie<\/strong><\/p>\n<\/li>\n<li data-start=\"2244\" data-end=\"2355\">\n<p data-start=\"2246\" data-end=\"2355\"><strong data-start=\"2246\" data-end=\"2287\">Lohnfertiger mit hohem Teiledurchsatz<\/strong><\/p>\n<\/li>\n<li data-start=\"2356\" data-end=\"2453\">\n<p data-start=\"2358\" data-end=\"2453\"><strong data-start=\"2358\" data-end=\"2397\">Hydraulik- und Pneumatikkomponenten<\/strong><\/p>\n<\/li>\n<li data-start=\"2454\" data-end=\"2563\">\n<p data-start=\"2456\" data-end=\"2563\"><strong data-start=\"2456\" data-end=\"2493\">Medizintechnik &amp; Luftfahrttechnik<\/strong><\/p>\n<\/li>\n<li data-start=\"2564\" data-end=\"2674\">\n<p data-start=\"2566\" data-end=\"2674\"><strong data-start=\"2566\" data-end=\"2594\">Allgemeiner Maschinenbau<\/strong><\/p>\n<\/li>\n<\/ul>","protected":false},"excerpt":{"rendered":"<h4 data-start=\"274\" data-end=\"304\"><strong data-start=\"279\" data-end=\"304\">Technical highlights<\/strong><\/h4>\n<ul>\n<li data-start=\"308\" data-end=\"342\"><strong data-start=\"308\" data-end=\"333\">Max. turning diameter:<\/strong> 344 mm<\/li>\n<li data-start=\"345\" data-end=\"368\"><strong data-start=\"345\" data-end=\"359\">Turning length:<\/strong> 860 mm<\/li>\n<li data-start=\"371\" data-end=\"401\"><strong data-start=\"371\" data-end=\"393\">Main spindle motor:<\/strong> 22 kW<\/li>\n<li data-start=\"404\" data-end=\"455\"><strong data-start=\"404\" data-end=\"437\">Speed main spindle:<\/strong> bis 5.000 U\/min<\/li>\n<li data-start=\"458\" data-end=\"487\"><strong data-start=\"458\" data-end=\"479\">Bar capacity:<\/strong> 65 mm<\/li>\n<li data-start=\"490\" data-end=\"541\"><strong data-start=\"490\" data-end=\"502\">C-axis<\/strong> 0,001\u00b0 Aufl\u00f6sung auf beiden Spindeln<\/li>\n<li data-start=\"544\" data-end=\"569\"><strong data-start=\"544\" data-end=\"567\">Y-axis travel distance:<\/strong><\/li>\n<li data-start=\"574\" data-end=\"598\">Upper turret:<\/li>\n<li data-start=\"603\" data-end=\"627\">Lower turret: 70 mm<\/li>\n<li data-start=\"630\" data-end=\"653\"><strong data-start=\"630\" data-end=\"651\">Tool turret:<\/strong><\/li>\n<li data-start=\"658\" data-end=\"684\">Turret 1: 12 Stationen<\/li>\n<li data-start=\"689\" data-end=\"715\">Turret 2: 12 Stationen<\/li>\n<li data-start=\"718\" data-end=\"747\"><strong data-start=\"718\" data-end=\"745\">Driven tools:<\/strong><\/li>\n<li data-start=\"752\" data-end=\"800\">Speed: up to 6.000 rpm on both turrets<\/li>\n<li data-start=\"803\" data-end=\"839\"><strong data-start=\"803\" data-end=\"824\">Control system:<\/strong> Mazak Smooth<\/li>\n<li data-start=\"842\" data-end=\"856\"><strong data-start=\"842\" data-end=\"854\">Accessories:<\/strong><\/li>\n<li data-start=\"861\" data-end=\"919\">Clamping system: Hainbuch 65 collets on both spindles<\/li>\n<li data-start=\"924\" data-end=\"986\">Hydraulic chucks: 210 mm \u00d8 (main and counter spindle)<\/li>\n<li data-start=\"991\" data-end=\"1033\">Powered tools (angle): 6 pieces<\/li>\n<li data-start=\"1038\" data-end=\"1080\">Powered tools (straight): 5 pieces<\/li>\n<li data-start=\"1085\" data-end=\"1126\">Tool measuring system (tool setter)<\/li>\n<li data-start=\"1131\" data-end=\"1182\">Automatic workpiece removal: Hydrafeed X-Tract<\/li>\n<li data-start=\"1184\" data-end=\"1216\"><strong data-start=\"1189\" data-end=\"1216\">Machine dimensions &amp; weight<\/strong><\/li>\n<li data-start=\"1220\" data-end=\"1241\"><strong data-start=\"1220\" data-end=\"1230\">Length:<\/strong> 4.000 mm<\/li>\n<li data-start=\"1244\" data-end=\"1266\"><strong data-start=\"1244\" data-end=\"1255\">Width:<\/strong> 2.700 mm<\/li>\n<li data-start=\"1269\" data-end=\"1289\"><strong data-start=\"1269\" data-end=\"1278\">Height:<\/strong> 2.500 mm<\/li>\n<li data-start=\"1292\" data-end=\"1316\"><strong data-start=\"1292\" data-end=\"1304\">Weight:<\/strong> 12.500 kg<\/li>\n<\/ul>\n[quform id=\"2\" name=\"Anfrage\"]","protected":false},"featured_media":923,"template":"","meta":[],"product_brand":[],"product_cat":[33,29,21,38,34,37,22,32,36],"product_tag":[],"class_list":{"0":"post-922","1":"product","2":"type-product","3":"status-publish","4":"has-post-thumbnail","6":"product_cat-automation","7":"product_cat-automobile","8":"product_cat-cnc-drehmaschinen","9":"product_cat-luft-und-raumfahrttechnik","10":"product_cat-maschinebau","11":"product_cat-maschinenbau","12":"product_cat-mazak","13":"product_cat-medizintechnik","14":"product_cat-werkzeugbau","16":"first","17":"instock","18":"taxable","19":"shipping-taxable","20":"product-type-simple"},"_links":{"self":[{"href":"https:\/\/gematec.de\/en\/wp-json\/wp\/v2\/product\/922","targetHints":{"allow":["GET"]}}],"collection":[{"href":"https:\/\/gematec.de\/en\/wp-json\/wp\/v2\/product"}],"about":[{"href":"https:\/\/gematec.de\/en\/wp-json\/wp\/v2\/types\/product"}],"wp:featuredmedia":[{"embeddable":true,"href":"https:\/\/gematec.de\/en\/wp-json\/wp\/v2\/media\/923"}],"wp:attachment":[{"href":"https:\/\/gematec.de\/en\/wp-json\/wp\/v2\/media?parent=922"}],"wp:term":[{"taxonomy":"product_brand","embeddable":true,"href":"https:\/\/gematec.de\/en\/wp-json\/wp\/v2\/product_brand?post=922"},{"taxonomy":"product_cat","embeddable":true,"href":"https:\/\/gematec.de\/en\/wp-json\/wp\/v2\/product_cat?post=922"},{"taxonomy":"product_tag","embeddable":true,"href":"https:\/\/gematec.de\/en\/wp-json\/wp\/v2\/product_tag?post=922"}],"curies":[{"name":"wp","href":"https:\/\/api.w.org\/{rel}","templated":true}]}}