{"id":879,"date":"2025-06-24T10:41:12","date_gmt":"2025-06-24T08:41:12","guid":{"rendered":"https:\/\/gematec.de\/?post_type=product&#038;p=879"},"modified":"2025-06-24T10:44:29","modified_gmt":"2025-06-24T08:44:29","slug":"mazak-hcn-5000-bj-2006","status":"publish","type":"product","link":"https:\/\/gematec.de\/en\/product\/mazak-hcn-5000-bj-2006\/","title":{"rendered":"Mazak <br> HCN 5000 (BJ. 2006)"},"content":{"rendered":"<p data-start=\"821\" data-end=\"1261\">The <strong data-start=\"856\" data-end=\"874\">Mazak HCN 5000<\/strong> ist ein hochproduktives, horizontal ausgerichtetes Bearbeitungszentrum mit integrierter 4. Achse, das speziell f\u00fcr die <strong data-start=\"994\" data-end=\"1049\">automatisierte Serienfertigung komplexer Werkst\u00fccke<\/strong> entwickelt wurde. Mit dem <strong data-start=\"1076\" data-end=\"1103\">2-fach Palettenwechsler<\/strong>\u00a0und einem gro\u00dfz\u00fcgigen <strong data-start=\"1162\" data-end=\"1203\">Kettenmagazin mit 120 Werkzeugpl\u00e4tzen<\/strong> ist die Maschine bestens auf mannarmen Betrieb ausgelegt.<\/p>\n<p data-start=\"1263\" data-end=\"1660\">Die leistungsstarke Spindel mit bis zu <strong data-start=\"1302\" data-end=\"1318\">18.000 U\/min<\/strong> sowie die <strong data-start=\"1329\" data-end=\"1356\">Innenk\u00fchlung mit 70 bar<\/strong> erm\u00f6glichen eine pr\u00e4zise Hochgeschwindigkeitsbearbeitung selbst harter Materialien. Die <strong data-start=\"1445\" data-end=\"1476\">Tischindizierung von 0,001\u00b0<\/strong> erlaubt komplexe 4-Achs-Bearbeitungen mit h\u00f6chster Genauigkeit. Durch die kompakte Bauweise und hohe Achsdynamik eignet sich die HCN 5000 perfekt f\u00fcr vielseitige Fertigungsumgebungen.<\/p>\n<p data-start=\"1263\" data-end=\"1660\"><strong>APPLICATIONS:<\/strong><\/p>\n<ul>\n<li><strong>4-Achs Komplettbearbeitung in der Serienfertigung<\/strong><\/li>\n<li><strong>Hochpr\u00e4zise Bearbeitung kubischer Werkst\u00fccke<\/strong><\/li>\n<li><strong>Maschinenbau, Luft- und Raumfahrt, Energietechnik<\/strong><\/li>\n<li><strong>Vorrichtungs- und Werkzeugbau<\/strong><\/li>\n<li><strong>Automatisierte Fertigung mit Palettenwechsler<\/strong><\/li>\n<li><strong>Ideal f\u00fcr Bauteile mit komplexer Bohr-\/Fr\u00e4skombination<\/strong><\/li>\n<\/ul>","protected":false},"excerpt":{"rendered":"<p data-start=\"168\" data-end=\"389\"><strong data-start=\"171\" data-end=\"228\">Technical highlights\u00a0<\/strong><\/p>\n<ul>\n<li><strong data-start=\"280\" data-end=\"294\">Control:<\/strong> Mazatrol 640M<\/li>\n<li><strong data-start=\"311\" data-end=\"324\">Paletten:<\/strong> 2-fach Palettenwechsler (500\u202f\u00d7\u202f500\u202fmm)<\/li>\n<li><strong data-start=\"391\" data-end=\"419\">Travel (X \/ Y \/ Z):<\/strong> 730\u202f\/\u202f730\u202f\/\u202f740\u202fmm<\/li>\n<li><strong data-start=\"441\" data-end=\"469\">Rapid traverse in all axes:<\/strong> 60\u202fm\/min<\/li>\n<li><strong data-start=\"481\" data-end=\"507\">Werkst\u00fcckgr\u00f6\u00dfe (max.):<\/strong> \u00d8800\u202f\u00d7\u202f1.000\u202fmm<\/li>\n<li><strong data-start=\"526\" data-end=\"547\">Tischindizierung:<\/strong> 0,001\u00b0<\/li>\n<li><strong data-start=\"557\" data-end=\"576\">Tischbelastung:<\/strong> 700\u202fkg<\/li>\n<li><strong data-start=\"587\" data-end=\"608\">Tool taper:<\/strong> SK40<\/li>\n<li><strong data-start=\"616\" data-end=\"636\">Werkzeugmagazin:<\/strong> Kettenmagazin mit 120 Pl\u00e4tzen<\/li>\n<li><strong data-start=\"669\" data-end=\"689\">Spindle speed:<\/strong> 18.000\u202fmin\u207b\u00b9<\/li>\n<li><strong data-start=\"705\" data-end=\"722\">Innenk\u00fchlung:<\/strong> Hochdruckanlage mit 70\u202fbar<\/li>\n<li><strong data-start=\"752\" data-end=\"770\">Chip conveyor<\/strong><\/li>\n<li><strong data-start=\"783\" data-end=\"809\" data-is-only-node=\"\">Renishaw-Vorbereitung<\/strong><\/li>\n<\/ul>\n[quform id=\"2\" name=\"Anfrage\"]\n<p>&nbsp;<\/p>","protected":false},"featured_media":880,"template":"","meta":[],"product_brand":[],"product_cat":[29,35,18,37,22,32,36],"product_tag":[],"class_list":{"0":"post-879","1":"product","2":"type-product","3":"status-publish","4":"has-post-thumbnail","6":"product_cat-automobile","7":"product_cat-formenbau","8":"product_cat-horizontale-bearbeitungszentren","9":"product_cat-maschinenbau","10":"product_cat-mazak","11":"product_cat-medizintechnik","12":"product_cat-werkzeugbau","14":"first","15":"instock","16":"taxable","17":"shipping-taxable","18":"product-type-simple"},"_links":{"self":[{"href":"https:\/\/gematec.de\/en\/wp-json\/wp\/v2\/product\/879","targetHints":{"allow":["GET"]}}],"collection":[{"href":"https:\/\/gematec.de\/en\/wp-json\/wp\/v2\/product"}],"about":[{"href":"https:\/\/gematec.de\/en\/wp-json\/wp\/v2\/types\/product"}],"wp:featuredmedia":[{"embeddable":true,"href":"https:\/\/gematec.de\/en\/wp-json\/wp\/v2\/media\/880"}],"wp:attachment":[{"href":"https:\/\/gematec.de\/en\/wp-json\/wp\/v2\/media?parent=879"}],"wp:term":[{"taxonomy":"product_brand","embeddable":true,"href":"https:\/\/gematec.de\/en\/wp-json\/wp\/v2\/product_brand?post=879"},{"taxonomy":"product_cat","embeddable":true,"href":"https:\/\/gematec.de\/en\/wp-json\/wp\/v2\/product_cat?post=879"},{"taxonomy":"product_tag","embeddable":true,"href":"https:\/\/gematec.de\/en\/wp-json\/wp\/v2\/product_tag?post=879"}],"curies":[{"name":"wp","href":"https:\/\/api.w.org\/{rel}","templated":true}]}}