{"id":871,"date":"2025-06-16T12:15:53","date_gmt":"2025-06-16T10:15:53","guid":{"rendered":"https:\/\/gematec.de\/?post_type=product&#038;p=871"},"modified":"2025-06-16T12:24:54","modified_gmt":"2025-06-16T10:24:54","slug":"mazak-sqt-200-ms-bj-1998","status":"publish","type":"product","link":"https:\/\/gematec.de\/en\/product\/mazak-sqt-200-ms-bj-1998\/","title":{"rendered":"Mazak <br> SQT 200 MS (Year 1998)"},"content":{"rendered":"<p>The <strong data-start=\"892\" data-end=\"911\">Mazak SQT200 MS<\/strong> ist eine kompakte und robuste CNC-Drehmaschine mit angetriebenen Werkzeugen und Gegenspindel. Sie eignet sich hervorragend f\u00fcr die pr\u00e4zise Bearbeitung kleiner bis mittlerer Serienteile. Durch das <strong data-start=\"1108\" data-end=\"1144\">Mazatrol T-Plus Steuerungssystem<\/strong> und die <strong data-start=\"1153\" data-end=\"1178\">Hainbuch-Spanntechnik<\/strong> ist eine flexible Werkst\u00fcckaufnahme und z\u00fcgiges Umr\u00fcsten problemlos m\u00f6glich.<\/p>\n<p><strong>APPLICATIONS:<\/strong><\/p>\n<ul>\n<li>Serienfertigung kleiner bis mittlerer Drehteile<\/li>\n<li>\u00a0Komplettbearbeitung mit rotierenden Werkzeugen<\/li>\n<li>Effiziente Wellen- und Futterteilebearbeitung<\/li>\n<li>Maschinenbau, Zuliefererfertigung, Instandhaltung<\/li>\n<li>Werkst\u00fccke mit Querbearbeitung, Gewinden und Konturen<\/li>\n<\/ul>","protected":false},"excerpt":{"rendered":"<p data-start=\"175\" data-end=\"303\"><strong data-start=\"178\" data-end=\"236\">Technical highlights\u00a0<\/strong><\/p>\n<ul>\n<li><strong data-start=\"239\" data-end=\"253\">Control:<\/strong> Mazatrol T-Plus<\/li>\n<li><strong data-start=\"305\" data-end=\"324\">Max. turning length:<\/strong> 500\u202fmm<\/li>\n<li><strong data-start=\"334\" data-end=\"359\">Max. turning diameter:<\/strong> 275\u202fmm<\/li>\n<li><strong data-start=\"369\" data-end=\"388\">Spindle bore:<\/strong> 64\u202fmm<\/li>\n<li><strong data-start=\"397\" data-end=\"422\">Main spindle speed:<\/strong> bis 4.000\u202fmin\u207b\u00b9<\/li>\n<li><strong data-start=\"441\" data-end=\"468\">Driven tools:<\/strong> bis 4.500\u202fmin\u207b\u00b9<\/li>\n<li><strong data-start=\"487\" data-end=\"508\">Tool turret:<\/strong> 12 Stationen<\/li>\n<\/ul>\n<p><strong data-start=\"525\" data-end=\"542\">Clamping systems:<\/strong><\/p>\n<ul>\n<li>Main spindle: jaw chuck<\/li>\n<li>Counter spindle: Hainbuch clamping head<\/li>\n<\/ul>\n<p><strong data-start=\"611\" data-end=\"644\">Interfaces &amp; Components:<\/strong><\/p>\n<ul>\n<li>Interface bar feeder<\/li>\n<li>Chip conveyor<\/li>\n<li>Filter system: IFS filter<\/li>\n<li>Parts catcher<\/li>\n<\/ul>\n[quform id=\"2\" name=\"Anfrage\"]","protected":false},"featured_media":872,"template":"","meta":[],"product_brand":[],"product_cat":[33,29,21,38,34,37,22,32,36],"product_tag":[],"class_list":{"0":"post-871","1":"product","2":"type-product","3":"status-publish","4":"has-post-thumbnail","6":"product_cat-automation","7":"product_cat-automobile","8":"product_cat-cnc-drehmaschinen","9":"product_cat-luft-und-raumfahrttechnik","10":"product_cat-maschinebau","11":"product_cat-maschinenbau","12":"product_cat-mazak","13":"product_cat-medizintechnik","14":"product_cat-werkzeugbau","16":"first","17":"instock","18":"taxable","19":"shipping-taxable","20":"product-type-simple"},"_links":{"self":[{"href":"https:\/\/gematec.de\/en\/wp-json\/wp\/v2\/product\/871","targetHints":{"allow":["GET"]}}],"collection":[{"href":"https:\/\/gematec.de\/en\/wp-json\/wp\/v2\/product"}],"about":[{"href":"https:\/\/gematec.de\/en\/wp-json\/wp\/v2\/types\/product"}],"wp:featuredmedia":[{"embeddable":true,"href":"https:\/\/gematec.de\/en\/wp-json\/wp\/v2\/media\/872"}],"wp:attachment":[{"href":"https:\/\/gematec.de\/en\/wp-json\/wp\/v2\/media?parent=871"}],"wp:term":[{"taxonomy":"product_brand","embeddable":true,"href":"https:\/\/gematec.de\/en\/wp-json\/wp\/v2\/product_brand?post=871"},{"taxonomy":"product_cat","embeddable":true,"href":"https:\/\/gematec.de\/en\/wp-json\/wp\/v2\/product_cat?post=871"},{"taxonomy":"product_tag","embeddable":true,"href":"https:\/\/gematec.de\/en\/wp-json\/wp\/v2\/product_tag?post=871"}],"curies":[{"name":"wp","href":"https:\/\/api.w.org\/{rel}","templated":true}]}}