{"id":864,"date":"2025-06-13T10:30:11","date_gmt":"2025-06-13T08:30:11","guid":{"rendered":"https:\/\/gematec.de\/?post_type=product&#038;p=864"},"modified":"2025-06-13T14:23:38","modified_gmt":"2025-06-13T12:23:38","slug":"index-g200-bj-2017","status":"publish","type":"product","link":"https:\/\/gematec.de\/en\/product\/index-g200-bj-2017\/","title":{"rendered":"Index <br> G200 (Bj. 1997) General\u00fcberholung 2017"},"content":{"rendered":"<p data-start=\"1627\" data-end=\"2051\">The <strong data-start=\"1662\" data-end=\"1676\">INDEX G200<\/strong> ist ein hochproduktives CNC-Dreh-Fr\u00e4szentrum mit zwei leistungsstarken Spindeln, zwei synchronisierten Werkzeugtr\u00e4gern und umfassender Automatisierungsausstattung. Dank der kompakten und hochdynamischen Bauweise eignet sich die Maschine ideal f\u00fcr die <strong data-start=\"1928\" data-end=\"1973\">komplette Bearbeitung komplexer Drehteile<\/strong> in einer Aufspannung \u2013 inklusive R\u00fcckseitenbearbeitung \u00fcber die Gegenspindel.<\/p>\n<p data-start=\"2364\" data-end=\"2571\">Durch die <strong data-start=\"2374\" data-end=\"2416\">vollwertige C-Achse an beiden Spindeln<\/strong>, die angetriebenen Werkzeuge und das pr\u00e4zise Wegmesssystem wird eine erstklassige Bearbeitungsqualit\u00e4t gew\u00e4hrleistet \u2013 auch bei komplexen Fr\u00e4soperationen.<\/p>\n<p data-start=\"2364\" data-end=\"2571\">APPLICATIONS:<\/p>\n<ul>\n<li>Hochproduktive Komplettbearbeitung komplexer Dreh- und Fr\u00e4steile<\/li>\n<li>Serienfertigung von Pr\u00e4zisionsteilen in der Automobil- und Hydraulikindustrie<\/li>\n<li>Fertigung rotationssymmetrischer Werkst\u00fccke mit Querbearbeitungen<\/li>\n<li>Synchronisierte Bearbeitung auf zwei Spindeln<\/li>\n<li>Komponenten mit hohen Anforderungen an Zykluszeit und Bearbeitungsgenauigkeit<\/li>\n<li>Ideal f\u00fcr:\n<ul>\n<li data-start=\"2986\" data-end=\"3001\">Getriebeteile<\/li>\n<li data-start=\"3004\" data-end=\"3023\">Ventilkomponenten<\/li>\n<li data-start=\"3026\" data-end=\"3059\">Flansche, Buchsen, Lagergeh\u00e4use<\/li>\n<li data-start=\"3062\" data-end=\"3108\">Komplexe Werkst\u00fccke mit 6-Seiten-Bearbeitung<\/li>\n<\/ul>\n<\/li>\n<\/ul>","protected":false},"excerpt":{"rendered":"<p><strong data-start=\"203\" data-end=\"256\">Technical highlights\u00a0<\/strong><\/p>\n<ul>\n<li><strong data-start=\"259\" data-end=\"273\">Control:<\/strong> Siemens 840C<\/li>\n<li style=\"text-align: left;\"><strong data-start=\"697\" data-end=\"728\">Hauptspindel \/ Gegenspindel<\/strong><\/li>\n<li style=\"text-align: left;\"><strong data-start=\"733\" data-end=\"756\">Werkst\u00fcckdurchlass:<\/strong> D\u202f=\u202f42\u202fmm<\/li>\n<li style=\"text-align: left;\"><strong data-start=\"771\" data-end=\"784\">Speed:<\/strong> max. 7.000\u202fmin\u207b\u00b9<\/li>\n<li style=\"text-align: left;\"><strong data-start=\"806\" data-end=\"819\">Power:<\/strong> 13\u202fkW<\/li>\n<li style=\"text-align: left;\"><strong data-start=\"830\" data-end=\"842\">C-axis<\/strong> voll integriert<\/li>\n<li style=\"text-align: left;\"><strong data-start=\"941\" data-end=\"989\">1-Spannbacken-Einrichtung f\u00fcr beide Spindeln<\/strong><\/li>\n<li style=\"text-align: left;\"><strong data-start=\"996\" data-end=\"1036\">Kreuzschlitten 1 \u2013 X, Z \u2013 oben<\/strong><\/li>\n<li style=\"text-align: left;\"><strong data-start=\"1041\" data-end=\"1062\">Werkzeugtr\u00e4ger 1:<\/strong> 14-fach, VDI 25, angetrieben<\/li>\n<li style=\"text-align: left;\"><strong data-start=\"1126\" data-end=\"1147\">Arbeitsweg X \/ Z:<\/strong> 155 \/ 590\u202fmm<\/li>\n<li style=\"text-align: left;\"><strong data-start=\"1165\" data-end=\"1184\">Eilg\u00e4nge X \/ Z:<\/strong> 70 \/ 40\u202fm\/min<\/li>\n<li style=\"text-align: left;\"><strong data-start=\"1328\" data-end=\"1363\">Kreuzschlitten 2 \u2013 X, Z \u2013 unten<\/strong><\/li>\n<li style=\"text-align: left;\"><strong data-start=\"1368\" data-end=\"1389\">Werkzeugtr\u00e4ger 2:<\/strong> 14-fach, VDI 25, angetrieben<\/li>\n<li style=\"text-align: left;\"><strong data-start=\"1423\" data-end=\"1444\">Arbeitsweg X \/ Z:<\/strong> 105 \/ 400\u202fmm<\/li>\n<li style=\"text-align: left;\"><strong data-start=\"1462\" data-end=\"1481\">Eilg\u00e4nge X \/ Z:<\/strong> 22 \/ 45\u202fm\/min<\/li>\n<li style=\"text-align: left;\"><strong data-start=\"309\" data-end=\"325\">Accessories:<\/strong>\n<ul>\n<li style=\"text-align: left;\">Scharnierband-Sp\u00e4nef\u00f6rderer, Abwurfh\u00f6he 1250\u202fmm<\/li>\n<li style=\"text-align: left;\">Sp\u00fclung unter den Spindeln<\/li>\n<li style=\"text-align: left;\">Schaltschrank-Klimager\u00e4t<\/li>\n<li style=\"text-align: left;\">Portaleinheit mit Greifer f\u00fcr Werkst\u00fccke 2\u202fkg, D\u202f=\u202f4\u201345\u202fmm<\/li>\n<li style=\"text-align: left;\">Taktgesteuertes Transportband nach rechts<\/li>\n<li style=\"text-align: left;\">C-Achsen auf Haupt- und Gegenspindel<\/li>\n<li style=\"text-align: left;\">Transmit- \/ Tracyl-Funktion f\u00fcr C-Achse<\/li>\n<li style=\"text-align: left;\">Spindelkopplung zwischen Haupt- und Gegenspindel<\/li>\n<li>Stangenlademagazin Index MBL<\/li>\n<\/ul>\n<\/li>\n<\/ul>\n<p><strong>Maschine wurde 2017 general\u00fcberholt<\/strong><\/p>\n[quform id=\"2\" name=\"Anfrage\"]","protected":false},"featured_media":865,"template":"","meta":[],"product_brand":[],"product_cat":[33,29,21,44,38,34,37,32,36],"product_tag":[],"class_list":{"0":"post-864","1":"product","2":"type-product","3":"status-publish","4":"has-post-thumbnail","6":"product_cat-automation","7":"product_cat-automobile","8":"product_cat-cnc-drehmaschinen","9":"product_cat-index","10":"product_cat-luft-und-raumfahrttechnik","11":"product_cat-maschinebau","12":"product_cat-maschinenbau","13":"product_cat-medizintechnik","14":"product_cat-werkzeugbau","16":"first","17":"instock","18":"taxable","19":"shipping-taxable","20":"product-type-simple"},"_links":{"self":[{"href":"https:\/\/gematec.de\/en\/wp-json\/wp\/v2\/product\/864","targetHints":{"allow":["GET"]}}],"collection":[{"href":"https:\/\/gematec.de\/en\/wp-json\/wp\/v2\/product"}],"about":[{"href":"https:\/\/gematec.de\/en\/wp-json\/wp\/v2\/types\/product"}],"wp:featuredmedia":[{"embeddable":true,"href":"https:\/\/gematec.de\/en\/wp-json\/wp\/v2\/media\/865"}],"wp:attachment":[{"href":"https:\/\/gematec.de\/en\/wp-json\/wp\/v2\/media?parent=864"}],"wp:term":[{"taxonomy":"product_brand","embeddable":true,"href":"https:\/\/gematec.de\/en\/wp-json\/wp\/v2\/product_brand?post=864"},{"taxonomy":"product_cat","embeddable":true,"href":"https:\/\/gematec.de\/en\/wp-json\/wp\/v2\/product_cat?post=864"},{"taxonomy":"product_tag","embeddable":true,"href":"https:\/\/gematec.de\/en\/wp-json\/wp\/v2\/product_tag?post=864"}],"curies":[{"name":"wp","href":"https:\/\/api.w.org\/{rel}","templated":true}]}}