{"id":846,"date":"2025-06-02T11:10:36","date_gmt":"2025-06-02T09:10:36","guid":{"rendered":"https:\/\/gematec.de\/?post_type=product&#038;p=846"},"modified":"2025-10-07T08:43:59","modified_gmt":"2025-10-07T06:43:59","slug":"mazak-variaxis-i-600-bj-2019-5-achs","status":"publish","type":"product","link":"https:\/\/gematec.de\/en\/product\/mazak-variaxis-i-600-bj-2019-5-achs\/","title":{"rendered":"Mazak <br> Variaxis i-600 (Year 2019) 5-axis"},"content":{"rendered":"<p data-start=\"1316\" data-end=\"1685\">The <strong data-start=\"1320\" data-end=\"1344\">Mazak VARIAXIS i-600<\/strong> ist ein hochpr\u00e4zises 5-Achs-Bearbeitungszentrum, das sich ideal f\u00fcr die Komplettbearbeitung komplexer Bauteile eignet. Mit ihrer simultanen 5-Achs-Technologie, der leistungsstarken <strong data-start=\"1526\" data-end=\"1547\">SmoothX-Steuerung<\/strong> und dem stabilen <strong data-start=\"1565\" data-end=\"1587\">SK40-Spindelsystem<\/strong> bietet sie herausragende Bearbeitungsqualit\u00e4t und Flexibilit\u00e4t bei anspruchsvollen Fr\u00e4sprozessen.<\/p>\n<p data-start=\"1687\" data-end=\"2027\">Die A- und C-Achsen sind hochdynamisch und indexieren mit einer <strong data-start=\"1751\" data-end=\"1776\">Aufl\u00f6sung von 0,0001\u00b0<\/strong>, was die Maschine pr\u00e4destiniert f\u00fcr <strong data-start=\"1813\" data-end=\"1851\">hochpr\u00e4zise Mehrachs-Bearbeitungen<\/strong> in einer Aufspannung. Die solide Tischbauweise mit 500\u202fkg Traglast sowie das 40-fach Werkzeugmagazin erm\u00f6glichen einen vielseitigen Einsatz von Standard- und Sonderwerkzeugen.<\/p>\n<p data-start=\"1687\" data-end=\"2027\">APPLICATIONS:<\/p>\n<ul>\n<li data-start=\"2335\" data-end=\"2474\">\n<p data-start=\"2337\" data-end=\"2388\"><strong data-start=\"2337\" data-end=\"2388\">5-Achs Komplettbearbeitung in einer Aufspannung<\/strong><\/p>\n<\/li>\n<li data-start=\"2475\" data-end=\"2582\">\n<p data-start=\"2477\" data-end=\"2527\"><strong data-start=\"2477\" data-end=\"2527\">Prozesssichere Serien- und Einzelteilfertigung<\/strong><\/p>\n<\/li>\n<li data-start=\"2583\" data-end=\"2668\">\n<p data-start=\"2585\" data-end=\"2624\"><strong data-start=\"2585\" data-end=\"2624\">Komplexe Freiformfl\u00e4chenbearbeitung<\/strong><\/p>\n<\/li>\n<li data-start=\"2669\" data-end=\"2781\">\n<p data-start=\"2671\" data-end=\"2719\"><strong data-start=\"2671\" data-end=\"2719\">Pr\u00e4zisionsbauteile mit hoher Oberfl\u00e4cheng\u00fcte<\/strong><\/p>\n<\/li>\n<li data-start=\"2782\" data-end=\"2874\">\n<p data-start=\"2784\" data-end=\"2798\"><strong data-start=\"2784\" data-end=\"2798\">Ideal f\u00fcr:<\/strong><\/p>\n<ul data-start=\"2801\" data-end=\"2874\">\n<li data-start=\"2801\" data-end=\"2874\">\n<p data-start=\"2803\" data-end=\"2874\">Luftfahrtindustrie, Medizintechnik, Maschinenbau, High-End-Zulieferer<\/p>\n<\/li>\n<\/ul>\n<\/li>\n<\/ul>","protected":false},"excerpt":{"rendered":"<h3 data-start=\"195\" data-end=\"265\"><strong data-start=\"202\" data-end=\"265\">Technical highlights<\/strong><\/h3>\n<ul>\n<li data-start=\"269\" data-end=\"302\"><strong data-start=\"269\" data-end=\"283\">Control:<\/strong> Mazatrol SmoothX<\/li>\n<li data-start=\"305\" data-end=\"352\"><strong data-start=\"305\" data-end=\"331\">Travel X \/ Y \/ Z:<\/strong> 510\u202f\/\u202f910\u202f\/\u202f510\u202fmm<\/li>\n<li data-start=\"355\" data-end=\"399\"><strong data-start=\"355\" data-end=\"382\">Swivel range A-axis:<\/strong> +30\u00b0 bis -120\u00b0<\/li>\n<li data-start=\"402\" data-end=\"435\"><strong data-start=\"402\" data-end=\"426\">Rotation range C-axis:<\/strong> \u00b1\u202f360\u00b0<\/li>\n<li data-start=\"438\" data-end=\"482\"><strong data-start=\"438\" data-end=\"461\">Rapid traverse:<\/strong> 60\u202f\/\u202f60\u202f\/\u202f56\u202fm\/min<\/li>\n<li data-start=\"485\" data-end=\"515\"><strong data-start=\"485\" data-end=\"500\">Table size<\/strong> 600\u202f\u00d7\u202f500\u202fmm<\/li>\n<li data-start=\"518\" data-end=\"551\"><strong data-start=\"518\" data-end=\"542\">Max. table load:<\/strong> 500\u202fkg<\/li>\n<li data-start=\"554\" data-end=\"592\"><strong data-start=\"554\" data-end=\"572\">Indexing table:<\/strong> 0,0001\u00b0<\/li>\n<li data-start=\"594\" data-end=\"617\"><strong data-start=\"601\" data-end=\"617\">Main spindle<\/strong><\/li>\n<li data-start=\"621\" data-end=\"649\"><strong data-start=\"621\" data-end=\"634\">Speed:<\/strong> 12.000 rpm<\/li>\n<li data-start=\"652\" data-end=\"700\"><strong data-start=\"652\" data-end=\"682\">Power: 15kW<\/strong> 22\u202f\/\u202f15\u202fkW (AC)<\/li>\n<li data-start=\"703\" data-end=\"758\"><strong data-start=\"703\" data-end=\"744\">Distance between spindle and pallet surface:<\/strong> 70\u202f\u2013\u202f580\u202fmm<\/li>\n<li data-start=\"760\" data-end=\"787\"><strong data-start=\"767\" data-end=\"787\">Tool changer<\/strong><\/li>\n<li data-start=\"791\" data-end=\"820\"><strong data-start=\"791\" data-end=\"818\">40-position tool magazine<\/strong><\/li>\n<li data-start=\"823\" data-end=\"852\"><strong data-start=\"823\" data-end=\"844\">Tool taper:<\/strong> SK 40<\/li>\n<li data-start=\"855\" data-end=\"925\"><strong data-start=\"855\" data-end=\"884\">Max. tool diameter:<\/strong> 90\u202fmm (130\u202fmm bei freien Nebenpl\u00e4tzen)<\/li>\n<li data-start=\"928\" data-end=\"955\"><strong data-start=\"928\" data-end=\"946\">Tool length:<\/strong> 300\u202fmm<\/li>\n<li data-start=\"958\" data-end=\"990\"><strong data-start=\"958\" data-end=\"978\">Tool weight:<\/strong> max. 8\u202fkg<\/li>\n<li data-start=\"992\" data-end=\"1021\"><strong data-start=\"999\" data-end=\"1021\">Options:<\/strong>\n<ul>\n<li data-start=\"1025\" data-end=\"1051\">EIA\/ISO programming<\/li>\n<li data-start=\"1054\" data-end=\"1082\">5-axis simultaneous machining<\/li>\n<li data-start=\"1085\" data-end=\"1113\">Renishaw RMP600 touch probe<\/li>\n<li data-start=\"1116\" data-end=\"1177\">High-pressure cooling through the spindle (Mazak Superflow V30C-J)<\/li>\n<li data-start=\"1180\" data-end=\"1221\">Mayfran ConSep 2000 II WS chip conveyor<\/li>\n<li data-start=\"1224\" data-end=\"1248\">Electronic handwheel<\/li>\n<li data-start=\"1251\" data-end=\"1275\">3-color signal light<\/li>\n<\/ul>\n<\/li>\n<\/ul>\n[quform id=\"2\" name=\"Anfrage\"]","protected":false},"featured_media":952,"template":"","meta":[],"product_brand":[],"product_cat":[43,33,29,38,34,42,37,22,20],"product_tag":[],"class_list":{"0":"post-846","1":"product","2":"type-product","3":"status-publish","4":"has-post-thumbnail","6":"product_cat-5-achs-bearbeitungszentrum","7":"product_cat-automation","8":"product_cat-automobile","9":"product_cat-luft-und-raumfahrttechnik","10":"product_cat-maschinebau","11":"product_cat-maschinen","12":"product_cat-maschinenbau","13":"product_cat-mazak","14":"product_cat-vertikale-bearbeitungszentren","16":"first","17":"instock","18":"taxable","19":"shipping-taxable","20":"product-type-simple"},"_links":{"self":[{"href":"https:\/\/gematec.de\/en\/wp-json\/wp\/v2\/product\/846","targetHints":{"allow":["GET"]}}],"collection":[{"href":"https:\/\/gematec.de\/en\/wp-json\/wp\/v2\/product"}],"about":[{"href":"https:\/\/gematec.de\/en\/wp-json\/wp\/v2\/types\/product"}],"wp:featuredmedia":[{"embeddable":true,"href":"https:\/\/gematec.de\/en\/wp-json\/wp\/v2\/media\/952"}],"wp:attachment":[{"href":"https:\/\/gematec.de\/en\/wp-json\/wp\/v2\/media?parent=846"}],"wp:term":[{"taxonomy":"product_brand","embeddable":true,"href":"https:\/\/gematec.de\/en\/wp-json\/wp\/v2\/product_brand?post=846"},{"taxonomy":"product_cat","embeddable":true,"href":"https:\/\/gematec.de\/en\/wp-json\/wp\/v2\/product_cat?post=846"},{"taxonomy":"product_tag","embeddable":true,"href":"https:\/\/gematec.de\/en\/wp-json\/wp\/v2\/product_tag?post=846"}],"curies":[{"name":"wp","href":"https:\/\/api.w.org\/{rel}","templated":true}]}}