{"id":781,"date":"2025-05-14T10:56:19","date_gmt":"2025-05-14T08:56:19","guid":{"rendered":"https:\/\/gematec.de\/?post_type=product&#038;p=781"},"modified":"2025-05-14T21:20:11","modified_gmt":"2025-05-14T19:20:11","slug":"mazak-vtc-300c-bj-2003","status":"publish","type":"product","link":"https:\/\/gematec.de\/en\/product\/mazak-vtc-300c-bj-2003\/","title":{"rendered":"Mazak <br> VTC 300C (Year 2003)"},"content":{"rendered":"<p class=\"\" data-start=\"1131\" data-end=\"1458\">The <strong data-start=\"1135\" data-end=\"1153\">Mazak VTC 300C<\/strong> ist ein robustes und vielseitiges vertikales Bearbeitungszentrum f\u00fcr gro\u00dfvolumige Bauteile und anspruchsvolle Fr\u00e4sbearbeitungen. Mit gro\u00dfz\u00fcgigen Verfahrwegen von <strong data-start=\"1316\" data-end=\"1333\">1.740 mm in X<\/strong>, <strong data-start=\"1335\" data-end=\"1350\">760 mm in Y<\/strong> und <strong data-start=\"1355\" data-end=\"1370\">660 mm in Z<\/strong> eignet sich die Maschine ideal f\u00fcr Werkst\u00fccke, die mehr Platz und Stabilit\u00e4t erfordern.<\/p>\n<p class=\"\" data-start=\"1460\" data-end=\"1820\">Durch das <strong data-start=\"1470\" data-end=\"1497\">48-fach Werkzeugmagazin<\/strong> sowie die <strong data-start=\"1508\" data-end=\"1546\">Hochdruckk\u00fchlung durch die Spindel<\/strong> ist die VTC 300C bestens f\u00fcr die Serienfertigung und komplexe Bearbeitungsaufgaben ger\u00fcstet. Die integrierte <strong data-start=\"1656\" data-end=\"1700\">Pendelbearbeitungsfunktion mit Trennwand<\/strong> steigert die Produktivit\u00e4t zus\u00e4tzlich, da R\u00fcst- und Be-\/Entladezeiten parallel zum Bearbeitungsprozess ablaufen k\u00f6nnen.<\/p>\n<p class=\"\" data-start=\"1822\" data-end=\"1934\">Dank des <strong data-start=\"1831\" data-end=\"1860\">Renishaw NC-1 Messsystems<\/strong> wird eine pr\u00e4zise Werkst\u00fcckvermessung und Prozesskontrolle gew\u00e4hrleistet.<\/p>\n<p data-start=\"1822\" data-end=\"1934\">\n<p data-start=\"1822\" data-end=\"1934\"><strong>APPLICATIONS:<\/strong><\/p>\n<ul>\n<li class=\"\" data-start=\"1987\" data-end=\"2113\">\n<p class=\"\" data-start=\"1989\" data-end=\"2052\">Bearbeitung gro\u00dffl\u00e4chiger Werkst\u00fccke in einer Aufspannung<\/p>\n<\/li>\n<li class=\"\" data-start=\"2114\" data-end=\"2181\">\n<p class=\"\" data-start=\"2116\" data-end=\"2181\">Serien- und Einzelteilfertigung im allgemeinen Maschinenbau<\/p>\n<\/li>\n<li class=\"\" data-start=\"2182\" data-end=\"2248\">\n<p class=\"\" data-start=\"2184\" data-end=\"2248\">Formen- und Werkzeugbau mit mittleren bis gro\u00dfen Bauteilen<\/p>\n<\/li>\n<li class=\"\" data-start=\"2249\" data-end=\"2325\">\n<p class=\"\" data-start=\"2251\" data-end=\"2325\">Fertigung von Strukturbauteilen f\u00fcr Fahrzeugtechnik &amp; Energietechnik<\/p>\n<\/li>\n<li class=\"\" data-start=\"2326\" data-end=\"2392\">\n<p class=\"\" data-start=\"2328\" data-end=\"2392\">Pendelbearbeitung f\u00fcr hohe Auslastung bei Serienproduktion<\/p>\n<\/li>\n<li class=\"\" data-start=\"2393\" data-end=\"2467\">\n<p class=\"\" data-start=\"2395\" data-end=\"2467\">Anwender mit Fokus auf Wirtschaftlichkeit &amp; Pr\u00e4zision bei Gro\u00dfteilen<\/p>\n<\/li>\n<\/ul>","protected":false},"excerpt":{"rendered":"<h3 class=\"\" data-start=\"231\" data-end=\"295\"><strong data-start=\"238\" data-end=\"295\">Technical highlights<\/strong><\/h3>\n<ul>\n<li data-start=\"299\" data-end=\"329\"><strong data-start=\"299\" data-end=\"313\">Control:<\/strong> Mazatrol 640M<\/li>\n<li data-start=\"332\" data-end=\"377\"><strong data-start=\"332\" data-end=\"354\">Travel X\/Y\/Z:<\/strong> 1.740\u202f\/\u202f760\u202f\/\u202f660\u202fmm<\/li>\n<li data-start=\"380\" data-end=\"415\"><strong data-start=\"380\" data-end=\"393\">Rapid traverse:<\/strong> X\/Y\/Z 36.000\u202fmm\/min<\/li>\n<li data-start=\"418\" data-end=\"450\"><strong data-start=\"418\" data-end=\"433\">Table size<\/strong> 2.000\u202f\u00d7\u202f760\u202fmm<\/li>\n<li data-start=\"453\" data-end=\"487\"><strong data-start=\"453\" data-end=\"476\">Table load capacity:<\/strong> 1.400\u202fkg<\/li>\n<li data-start=\"490\" data-end=\"534\"><strong data-start=\"490\" data-end=\"519\">Spindle distance to table:<\/strong> 180\u202f\u2013\u202f840\u202fmm<\/li>\n<li data-start=\"536\" data-end=\"559\"><strong data-start=\"543\" data-end=\"559\">Main spindle<\/strong>\n<ul>\n<li data-start=\"563\" data-end=\"591\"><strong data-start=\"563\" data-end=\"576\">Speed:<\/strong> 12.000 rpm<\/li>\n<li data-start=\"594\" data-end=\"617\"><strong data-start=\"594\" data-end=\"607\">Power:<\/strong> 18,5\u202fkW<\/li>\n<li data-start=\"620\" data-end=\"643\"><strong data-start=\"620\" data-end=\"635\">Torque:<\/strong> 98\u202fNm<\/li>\n<\/ul>\n<\/li>\n<li data-start=\"646\" data-end=\"674\"><strong data-start=\"646\" data-end=\"672\">SK 40 tool holder<\/strong><\/li>\n<li data-start=\"676\" data-end=\"703\"><strong data-start=\"683\" data-end=\"703\">Tool changer<\/strong><\/li>\n<li data-start=\"707\" data-end=\"748\"><strong data-start=\"707\" data-end=\"746\">48-cavity tool magazine (expanded)<\/strong><\/li>\n<li data-start=\"751\" data-end=\"808\"><strong data-start=\"751\" data-end=\"808\">Automatic tool changer for efficient setup<\/strong><\/li>\n<li data-start=\"810\" data-end=\"842\"><strong data-start=\"817\" data-end=\"842\">Options:<\/strong>\n<ul>\n<li data-start=\"846\" data-end=\"890\">High-pressure cooling through the spindle: 15 bar<\/li>\n<li data-start=\"893\" data-end=\"930\">Air bubble device for the spindle<\/li>\n<li data-start=\"933\" data-end=\"948\">Chip conveyor<\/li>\n<li data-start=\"951\" data-end=\"1009\">Renishaw NC-1 measuring system for precise workpiece measurement<\/li>\n<li data-start=\"1012\" data-end=\"1090\">Partition wall for shuttle machining (simultaneous loading and unloading in the adjacent room)<\/li>\n<\/ul>\n<\/li>\n<\/ul>\n[quform id=\"2\" name=\"Anfrage\"]","protected":false},"featured_media":782,"template":"","meta":[],"product_brand":[],"product_cat":[29,42,37,22,20,36],"product_tag":[],"class_list":{"0":"post-781","1":"product","2":"type-product","3":"status-publish","4":"has-post-thumbnail","6":"product_cat-automobile","7":"product_cat-maschinen","8":"product_cat-maschinenbau","9":"product_cat-mazak","10":"product_cat-vertikale-bearbeitungszentren","11":"product_cat-werkzeugbau","13":"first","14":"instock","15":"taxable","16":"shipping-taxable","17":"product-type-simple"},"_links":{"self":[{"href":"https:\/\/gematec.de\/en\/wp-json\/wp\/v2\/product\/781","targetHints":{"allow":["GET"]}}],"collection":[{"href":"https:\/\/gematec.de\/en\/wp-json\/wp\/v2\/product"}],"about":[{"href":"https:\/\/gematec.de\/en\/wp-json\/wp\/v2\/types\/product"}],"wp:featuredmedia":[{"embeddable":true,"href":"https:\/\/gematec.de\/en\/wp-json\/wp\/v2\/media\/782"}],"wp:attachment":[{"href":"https:\/\/gematec.de\/en\/wp-json\/wp\/v2\/media?parent=781"}],"wp:term":[{"taxonomy":"product_brand","embeddable":true,"href":"https:\/\/gematec.de\/en\/wp-json\/wp\/v2\/product_brand?post=781"},{"taxonomy":"product_cat","embeddable":true,"href":"https:\/\/gematec.de\/en\/wp-json\/wp\/v2\/product_cat?post=781"},{"taxonomy":"product_tag","embeddable":true,"href":"https:\/\/gematec.de\/en\/wp-json\/wp\/v2\/product_tag?post=781"}],"curies":[{"name":"wp","href":"https:\/\/api.w.org\/{rel}","templated":true}]}}