{"id":731,"date":"2025-05-05T10:18:59","date_gmt":"2025-05-05T08:18:59","guid":{"rendered":"https:\/\/gematec.de\/?post_type=product&#038;p=731"},"modified":"2025-05-27T14:07:58","modified_gmt":"2025-05-27T12:07:58","slug":"geschirreiniger","status":"publish","type":"product","link":"https:\/\/gematec.de\/en\/product\/geschirreiniger\/","title":{"rendered":"Dishwasher cleaner"},"content":{"rendered":"<p><strong>Strahlend sauberes Geschirr mit der Kraft von CLEANOMIC Geschirr-Reiniger Pulver!<\/strong><\/p>\n<p>Entdecken Sie die \u00fcberlegene Reinigungskraft unseres CLEANOMIC Geschirr-Reiniger Pulvers und erleben Sie Geschirr, das nicht nur sauber ist, sondern makellos gl\u00e4nzt! Dieses hochwirksame Pulver wurde entwickelt, um selbst hartn\u00e4ckigste Verschmutzungen m\u00fchelos zu beseitigen und Ihnen Zeit und M\u00fche in der K\u00fcche zu ersparen.<\/p>\n<p>Unser Geschirr-Reiniger Pulver in einem angenehmen Hellgr\u00fcn und mit einem dezent frischen Duft sorgt f\u00fcr hygienische Sauberkeit und strahlenden Glanz bei jedem Sp\u00fclgang. Dank seiner kraftvollen Formel mit Aktivsauerstoff, basierend auf Inhaltsstoffen wie Dinatriumcarbonat in Verbindung mit Hydrogenperoxid, werden Essensreste, Fett und Verf\u00e4rbungen effektiv gel\u00f6st. Genie\u00dfen Sie das Ergebnis: perfekt sauberes Geschirr, bereit f\u00fcr den n\u00e4chsten Einsatz.<\/p>\n<p>Anwendungshinweis: Bitte beachten Sie die Dosierungsempfehlungen auf der Verpackung f\u00fcr optimale Ergebnisse.<\/p>\n<p>Sicherheitshinweis: Verursacht schwere Augenreizung. Darf nicht in die H\u00e4nde von Kindern gelangen. Bei Kontakt mit den Augen: Einige Minuten lang behutsam mit Wasser aussp\u00fclen. Eventuell vorhandene Kontaktlinsen nach M\u00f6glichkeit entfernen. Weiter sp\u00fclen. Bei anhaltender Augenreizung: \u00c4rztlichen Rat einholen\/\u00e4rztliche Hilfe hinzuziehen. Ist \u00e4rztlicher Rat erforderlich, Verpackung oder Kennzeichnungsetikett bereithalten.<\/p>\n<p><a href=\"https:\/\/gematec.de\/wp-content\/uploads\/2025\/05\/Sdb_EU-REACH_105_Geschirr-Reiniger-Pulver_Cleanomic_DE.pdf\">Download safety data sheet<\/a><\/p>","protected":false},"excerpt":{"rendered":"<ul data-sourcepos=\"17:1-22:0\">\n<li data-sourcepos=\"17:1-17:98\"><strong>Strahlende Sauberkeit:<\/strong> Entfernt kraftvoll Fett, Speisereste und hartn\u00e4ckige Verschmutzungen.<\/li>\n<li data-sourcepos=\"18:1-18:124\"><strong>Mit Aktivsauerstoff:<\/strong> Die Formel mit Dinatriumcarbonat und Hydrogenperoxid sorgt f\u00fcr hygienische Reinheit.<span class=\"button-container hide-from-message-actions ng-star-inserted\"> \u00a0<\/span><\/li>\n<li data-sourcepos=\"19:1-19:74\"><strong>Gl\u00e4nzendes Ergebnis:<\/strong> Verleiht Ihrem Geschirr einen makellosen Glanz.<\/li>\n<li data-sourcepos=\"20:1-20:76\"><strong>Ergiebiges Pulver:<\/strong> Leicht zu dosieren f\u00fcr optimale Reinigungsleistung.<\/li>\n<li data-sourcepos=\"21:1-22:0\"><strong>Angenehmer Duft:<\/strong> Hinterl\u00e4sst einen dezent frischen Duft.<span class=\"button-container hide-from-message-actions ng-star-inserted\"> \u00a0 <\/span><\/li>\n<li data-sourcepos=\"21:1-22:0\">10kg<\/li>\n<\/ul>\n<p data-sourcepos=\"23:1-23:118\">","protected":false},"featured_media":754,"template":"","meta":[],"product_brand":[41],"product_cat":[39],"product_tag":[],"class_list":{"0":"post-731","1":"product","2":"type-product","3":"status-publish","4":"has-post-thumbnail","6":"product_brand-cleanomic","7":"product_cat-reinigung","9":"first","10":"instock","11":"taxable","12":"shipping-taxable","13":"purchasable","14":"product-type-simple"},"_links":{"self":[{"href":"https:\/\/gematec.de\/en\/wp-json\/wp\/v2\/product\/731","targetHints":{"allow":["GET"]}}],"collection":[{"href":"https:\/\/gematec.de\/en\/wp-json\/wp\/v2\/product"}],"about":[{"href":"https:\/\/gematec.de\/en\/wp-json\/wp\/v2\/types\/product"}],"wp:featuredmedia":[{"embeddable":true,"href":"https:\/\/gematec.de\/en\/wp-json\/wp\/v2\/media\/754"}],"wp:attachment":[{"href":"https:\/\/gematec.de\/en\/wp-json\/wp\/v2\/media?parent=731"}],"wp:term":[{"taxonomy":"product_brand","embeddable":true,"href":"https:\/\/gematec.de\/en\/wp-json\/wp\/v2\/product_brand?post=731"},{"taxonomy":"product_cat","embeddable":true,"href":"https:\/\/gematec.de\/en\/wp-json\/wp\/v2\/product_cat?post=731"},{"taxonomy":"product_tag","embeddable":true,"href":"https:\/\/gematec.de\/en\/wp-json\/wp\/v2\/product_tag?post=731"}],"curies":[{"name":"wp","href":"https:\/\/api.w.org\/{rel}","templated":true}]}}