{"id":729,"date":"2025-05-05T10:17:34","date_gmt":"2025-05-05T08:17:34","guid":{"rendered":"https:\/\/gematec.de\/?post_type=product&#038;p=729"},"modified":"2025-05-27T20:29:07","modified_gmt":"2025-05-27T18:29:07","slug":"entfettung-entoelung","status":"publish","type":"product","link":"https:\/\/gematec.de\/en\/product\/entfettung-entoelung\/","title":{"rendered":"Degreasing\/deoiling"},"content":{"rendered":"<p data-sourcepos=\"3:1-3:101\"><strong>CLEANOMIC Entfettung\/Ent\u00f6lung: Hochleistungs-Entfetter und -Ent\u00f6ler f\u00fcr industrielle Reinigungsanwendungen<\/strong><\/p>\n<p data-sourcepos=\"5:1-5:412\">Das CLEANOMIC Entfettungs- und Ent\u00f6lungsmittel (Art.-Nr. 102) ist ein transparenter, geruchloser Spezialreiniger, der f\u00fcr den anspruchsvollen industriellen und gewerblichen Einsatz konzipiert wurde. Es ist die ideale L\u00f6sung f\u00fcr die effektive Reinigung von \u00f6ligen und fettigen Gegenst\u00e4nden, insbesondere in Verbindung mit Hochdruck- und Dampfstrahlger\u00e4ten sowie in Hei\u00dfwaschanlagen. <span class=\"button-container hide-from-message-actions ng-star-inserted\">\u00a0<\/span><\/p>\n<p data-sourcepos=\"7:1-7:173\"><strong>Important note:<\/strong> Dieses Produkt ist ausschlie\u00dflich f\u00fcr den industriellen und gewerblichen Gebrauch durch entsprechend geschultes Fachpersonal vorgesehen. <span class=\"button-container hide-from-message-actions ng-star-inserted\">\u00a0<\/span><\/p>\n<p data-sourcepos=\"7:1-7:173\">Mit seiner kraftvollen alkalischen Formel (pH-Wert 9,5) entfernt CLEANOMIC Entfettung\/Ent\u00f6lung zuverl\u00e4ssig hartn\u00e4ckige Fett- und \u00d6lverschmutzungen von einer Vielzahl von Oberfl\u00e4chen und Maschinenteilen. Seine spezielle Zusammensetzung gew\u00e4hrleistet eine hohe Reinigungsleistung und ist auf die Anforderungen moderner Reinigungsger\u00e4te abgestimmt.<span class=\"button-container hide-from-message-actions ng-star-inserted\"> \u00a0<\/span><\/p>\n<p data-sourcepos=\"7:1-7:173\"><a href=\"https:\/\/gematec.de\/wp-content\/uploads\/2025\/05\/Sdb_EU-REACH_F10_102_Entfettungsmittel-Entoelungsmittel_Cleanomic_DE.pdf\">Download safety data sheet<\/a><\/p>","protected":false},"excerpt":{"rendered":"<p><strong>8ml reichen f\u00fcr 8Liter &#8211; ultrastark &amp; sparsam<\/strong><\/p>\n<ul data-sourcepos=\"27:1-33:0\">\n<li data-sourcepos=\"27:1-27:102\"><strong>Spezialreiniger:<\/strong> Entwickelt f\u00fcr Hochdruck-, Dampfstrahlger\u00e4te und Hei\u00dfwaschanlagen.\n<div class=\"container ng-tns-c1559008720-230 hide\">\n<div class=\"carousel-container ng-tns-c1559008720-230\"><\/div>\n<\/div>\n<\/li>\n<li data-sourcepos=\"28:1-28:99\"><strong>Starke Entfettungsleistung:<\/strong> Entfernt effektiv \u00f6lige und fettige Verschmutzungen.<\/li>\n<li data-sourcepos=\"29:1-29:99\"><strong>Industrielle Anwendung:<\/strong> Ideal f\u00fcr Werkst\u00e4tten, Produktionsbetriebe und die Fahrzeugreinigung.<\/li>\n<li data-sourcepos=\"30:1-30:76\"><strong>Alkalische Formel:<\/strong> pH-Wert von 9,5 f\u00fcr intensive Reinigung.<\/li>\n<li data-sourcepos=\"30:1-30:76\"><strong><span class=\"button-container hide-from-message-actions ng-star-inserted\">G<\/span>eruchlos:<\/strong> Angenehm in der Anwendung.<\/li>\n<li data-sourcepos=\"31:1-31:54\"><strong>Professioneller Einsatz:<\/strong> Ausschlie\u00dflich f\u00fcr gewerbliche und industrielle Verwendung.<\/li>\n<li data-sourcepos=\"32:1-33:0\">10kg<\/li>\n<\/ul>","protected":false},"featured_media":755,"template":"","meta":[],"product_brand":[41],"product_cat":[39],"product_tag":[],"class_list":{"0":"post-729","1":"product","2":"type-product","3":"status-publish","4":"has-post-thumbnail","6":"product_brand-cleanomic","7":"product_cat-reinigung","9":"first","10":"instock","11":"taxable","12":"shipping-taxable","13":"purchasable","14":"product-type-simple"},"_links":{"self":[{"href":"https:\/\/gematec.de\/en\/wp-json\/wp\/v2\/product\/729","targetHints":{"allow":["GET"]}}],"collection":[{"href":"https:\/\/gematec.de\/en\/wp-json\/wp\/v2\/product"}],"about":[{"href":"https:\/\/gematec.de\/en\/wp-json\/wp\/v2\/types\/product"}],"wp:featuredmedia":[{"embeddable":true,"href":"https:\/\/gematec.de\/en\/wp-json\/wp\/v2\/media\/755"}],"wp:attachment":[{"href":"https:\/\/gematec.de\/en\/wp-json\/wp\/v2\/media?parent=729"}],"wp:term":[{"taxonomy":"product_brand","embeddable":true,"href":"https:\/\/gematec.de\/en\/wp-json\/wp\/v2\/product_brand?post=729"},{"taxonomy":"product_cat","embeddable":true,"href":"https:\/\/gematec.de\/en\/wp-json\/wp\/v2\/product_cat?post=729"},{"taxonomy":"product_tag","embeddable":true,"href":"https:\/\/gematec.de\/en\/wp-json\/wp\/v2\/product_tag?post=729"}],"curies":[{"name":"wp","href":"https:\/\/api.w.org\/{rel}","templated":true}]}}