{"id":727,"date":"2025-05-05T10:15:32","date_gmt":"2025-05-05T08:15:32","guid":{"rendered":"https:\/\/gematec.de\/?post_type=product&#038;p=727"},"modified":"2025-05-27T20:34:41","modified_gmt":"2025-05-27T18:34:41","slug":"neutralreiniger","status":"publish","type":"product","link":"https:\/\/gematec.de\/en\/product\/neutralreiniger\/","title":{"rendered":"Neutral cleaner"},"content":{"rendered":"<p><strong>Vielseitige Sauberkeit f\u00fcr Ihr Zuhause \u2013 Der CLEANOMIC Neutralreiniger!<\/strong><\/p>\n<p>Entdecken Sie den CLEANOMIC Neutralreiniger, Ihren neuen Alltagshelfer f\u00fcr ein rundum sauberes und frisches Zuhause! Diese mittelviskose, klare bis leicht gelbliche Fl\u00fcssigkeit \u00fcberzeugt mit hochwertigen, nat\u00fcrlichen waschaktiven Substanzen und einem hervorragenden Schaumverm\u00f6gen. Ob in der K\u00fcche, im Sanit\u00e4rbereich oder als manuelles Sp\u00fclmittel f\u00fcr empfindliche Gl\u00e4ser und Geschirr \u2013 dieser Reiniger ist ein echtes Multitalent.<\/p>\n<p>Mit seinem charakteristischen, angenehmen Duft und seiner pH-neutralen Formel (pH-Wert 7) reinigt der CLEANOMIC Neutralreiniger effektiv und ist dabei schonend zu vielen Oberfl\u00e4chen. Erleben Sie strahlende Sauberkeit im ganzen Haus, von Arbeitsfl\u00e4chen bis hin zu Armaturen. Vertrauen Sie auf eine Reinigungsl\u00f6sung, die auf Effizienz und Vielseitigkeit setzt.<\/p>\n<p>Anwendungshinweis: Ideal f\u00fcr die t\u00e4gliche Reinigung. Bitte beachten Sie die Anwendungshinweise auf der Verpackung f\u00fcr optimale Ergebnisse und Materialvertr\u00e4glichkeit. Im Zweifel an unauff\u00e4lliger Stelle testen.<\/p>\n<p>Sicherheitshinweise: Verursacht Hautreizungen und schwere Augensch\u00e4den. Schutzhandschuhe und Augenschutz tragen. BEI KONTAKT MIT DEN AUGEN: Einige Minuten lang behutsam mit Wasser aussp\u00fclen. Eventuell vorhandene Kontaktlinsen nach M\u00f6glichkeit entfernen. Weiter sp\u00fclen. Bei Hautreizung: \u00c4rztlichen Rat einholen\/\u00e4rztliche Hilfe hinzuziehen. Darf nicht in die H\u00e4nde von Kindern gelangen.<\/p>\n<p><a href=\"https:\/\/gematec.de\/wp-content\/uploads\/2025\/05\/Sdb_EU-REACH_103_Neutralreiniger_Cleanomic_DE.pdf\">Download safety data sheet<\/a><\/p>","protected":false},"excerpt":{"rendered":"<p><strong>10ml are sufficient for 8 liters - ultra strong &amp; economical<\/strong><\/p>\n<ul>\n<li data-sourcepos=\"17:1-17:116\"><strong>Universell Einsetzbar:<\/strong> Perfekt als Allzweckreiniger f\u00fcr K\u00fcche, Bad und als Handgeschirrsp\u00fclmittel.<span class=\"button-container hide-from-message-actions ng-star-inserted\"> \u00a0<\/span><\/li>\n<li data-sourcepos=\"18:1-18:109\"><strong>Nat\u00fcrliche Waschsubstanzen:<\/strong> Besteht aus hochwertigen, nat\u00fcrlichen waschaktiven Inhaltsstoffen.<\/li>\n<li data-sourcepos=\"18:1-18:109\"><strong>Hohes Schaumverm\u00f6gen:<\/strong> Sorgt f\u00fcr eine gr\u00fcndliche und effiziente Reinigung.<\/li>\n<li data-sourcepos=\"19:1-19:88\"><strong>pH-Neutral:<\/strong> Reinigt schonend mit einem pH-Wert von 7.<\/li>\n<li data-sourcepos=\"20:1-20:69\"><strong>Angenehmer Duft:<\/strong> Hinterl\u00e4sst eine frische Note.<\/li>\n<li data-sourcepos=\"21:1-21:63\"><strong>Effektiv gegen Schmutz:<\/strong> L\u00f6st zuverl\u00e4ssig allt\u00e4gliche Verschmutzungen.<\/li>\n<li data-sourcepos=\"22:1-23:0\">5kg<\/li>\n<\/ul>","protected":false},"featured_media":750,"template":"","meta":[],"product_brand":[41],"product_cat":[39],"product_tag":[],"class_list":{"0":"post-727","1":"product","2":"type-product","3":"status-publish","4":"has-post-thumbnail","6":"product_brand-cleanomic","7":"product_cat-reinigung","9":"first","10":"instock","11":"taxable","12":"shipping-taxable","13":"purchasable","14":"product-type-simple"},"_links":{"self":[{"href":"https:\/\/gematec.de\/en\/wp-json\/wp\/v2\/product\/727","targetHints":{"allow":["GET"]}}],"collection":[{"href":"https:\/\/gematec.de\/en\/wp-json\/wp\/v2\/product"}],"about":[{"href":"https:\/\/gematec.de\/en\/wp-json\/wp\/v2\/types\/product"}],"wp:featuredmedia":[{"embeddable":true,"href":"https:\/\/gematec.de\/en\/wp-json\/wp\/v2\/media\/750"}],"wp:attachment":[{"href":"https:\/\/gematec.de\/en\/wp-json\/wp\/v2\/media?parent=727"}],"wp:term":[{"taxonomy":"product_brand","embeddable":true,"href":"https:\/\/gematec.de\/en\/wp-json\/wp\/v2\/product_brand?post=727"},{"taxonomy":"product_cat","embeddable":true,"href":"https:\/\/gematec.de\/en\/wp-json\/wp\/v2\/product_cat?post=727"},{"taxonomy":"product_tag","embeddable":true,"href":"https:\/\/gematec.de\/en\/wp-json\/wp\/v2\/product_tag?post=727"}],"curies":[{"name":"wp","href":"https:\/\/api.w.org\/{rel}","templated":true}]}}