{"id":716,"date":"2025-04-29T15:50:28","date_gmt":"2025-04-29T13:50:28","guid":{"rendered":"https:\/\/gematec.de\/?post_type=product&#038;p=716"},"modified":"2025-05-14T21:20:11","modified_gmt":"2025-05-14T19:20:11","slug":"mazak-qt-350-my-bj-2023","status":"publish","type":"product","link":"https:\/\/gematec.de\/en\/product\/mazak-qt-350-my-bj-2023\/","title":{"rendered":"Mazak <br> QT 350 MY (Year 2023)"},"content":{"rendered":"<p>Mit der <strong data-start=\"3473\" data-end=\"3486\">QT 350 MY<\/strong> erh\u00e4lt man eine moderne Hochleistungs-Drehmaschine f\u00fcr die pr\u00e4zise Komplettbearbeitung <strong data-start=\"3575\" data-end=\"3607\">gro\u00dfer und schwerer Bauteile<\/strong>, optimiert f\u00fcr <strong data-start=\"3623\" data-end=\"3683\">h\u00f6chste Stabilit\u00e4t, Dauerpr\u00e4zision und Prozesssicherheit<\/strong>.<\/p>\n<p><strong>APPLICATIONS:<\/strong><\/p>\n<ul>\n<li class=\"\" data-start=\"2868\" data-end=\"2951\">\n<p class=\"\" data-start=\"2870\" data-end=\"2951\"><strong data-start=\"2870\" data-end=\"2949\">Komplexe Dreh-Fr\u00e4steile mit Querbohrungen, Schr\u00e4gfl\u00e4chen und Passfedernuten<\/strong><\/p>\n<\/li>\n<li class=\"\" data-start=\"2952\" data-end=\"3026\">\n<p class=\"\" data-start=\"2954\" data-end=\"3026\"><strong data-start=\"2954\" data-end=\"3024\">Serienfertigung von gro\u00dfen Wellen, Flanschen und schweren Geh\u00e4usen<\/strong><\/p>\n<\/li>\n<li class=\"\" data-start=\"3027\" data-end=\"3117\">\n<p class=\"\" data-start=\"3029\" data-end=\"3117\"><strong data-start=\"3029\" data-end=\"3115\">Komplettbearbeitung langer und schwerer Werkst\u00fccke (bis 1.000\u202fkg Werkst\u00fcckgewicht)<\/strong><\/p>\n<\/li>\n<li class=\"\" data-start=\"3118\" data-end=\"3184\">\n<p class=\"\" data-start=\"3120\" data-end=\"3184\"><strong data-start=\"3120\" data-end=\"3182\">Hochpr\u00e4zise Dreh- und Fr\u00e4sbearbeitung in einer Aufspannung<\/strong><\/p>\n<\/li>\n<li class=\"\" data-start=\"3185\" data-end=\"3273\">\n<p class=\"\" data-start=\"3187\" data-end=\"3273\"><strong data-start=\"3187\" data-end=\"3271\">Effiziente Metallbearbeitung in Maschinenbau, Fahrzeugtechnik und Energietechnik<\/strong><\/p>\n<\/li>\n<li class=\"\" data-start=\"3274\" data-end=\"3335\">\n<p class=\"\" data-start=\"3276\" data-end=\"3335\"><strong data-start=\"3276\" data-end=\"3333\">Dauerbetrieb in anspruchsvollen Produktionsumgebungen<\/strong><\/p>\n<\/li>\n<li class=\"\" data-start=\"3336\" data-end=\"3435\">\n<p class=\"\" data-start=\"3338\" data-end=\"3435\"><strong data-start=\"3338\" data-end=\"3435\">Integration in automatisierte Fertigungszellen durch Stangenlader- und Roboter-Schnittstellen<\/strong><\/p>\n<\/li>\n<\/ul>","protected":false},"excerpt":{"rendered":"<h3 class=\"\" data-start=\"465\" data-end=\"530\"><strong data-start=\"472\" data-end=\"530\">Technical highlights\u00a0<\/strong><\/h3>\n<ul>\n<li data-start=\"534\" data-end=\"591\"><strong data-start=\"534\" data-end=\"548\">Control:<\/strong> Mazatrol SmoothG mit 19\u2033-Touchscreen<\/li>\n<li data-start=\"594\" data-end=\"635\"><strong data-start=\"594\" data-end=\"629\">Diameter of main spindle:<\/strong> 12&#8243;<\/li>\n<li data-start=\"638\" data-end=\"675\"><strong data-start=\"638\" data-end=\"666\">Max. swing diameter:<\/strong> 830\u202fmm<\/li>\n<li data-start=\"678\" data-end=\"712\"><strong data-start=\"678\" data-end=\"703\">Max. turning diameter:<\/strong> 420\u202fmm<\/li>\n<li data-start=\"840\" data-end=\"917\"><strong data-start=\"840\" data-end=\"868\">Max. bar capacity:<\/strong> 102\u202fmm<\/li>\n<li data-start=\"920\" data-end=\"950\"><strong data-start=\"920\" data-end=\"939\">Max. turning length:<\/strong> 1.625\u202fmm<\/li>\n<li data-start=\"985\" data-end=\"1004\"><strong data-start=\"985\" data-end=\"1002\">Main spindle:<\/strong><\/li>\n<li data-start=\"1009\" data-end=\"1042\">Speed: 35\u20133.300\u202fmin\u207b\u00b9<\/li>\n<li data-start=\"1076\" data-end=\"1101\">Spindle bore: \u00d8112 mm<\/li>\n<li data-start=\"1136\" data-end=\"1189\">Motor power: 30 kW (40% duty cycle) \/ 22 kW (continuous operation)<\/li>\n<li data-start=\"1236\" data-end=\"1323\"><strong data-start=\"1236\" data-end=\"1257\">Tool turret:<\/strong> 12 stations, powered tools in all positions<\/li>\n<li data-start=\"1326\" data-end=\"1344\"><strong data-start=\"1326\" data-end=\"1342\">Milling spindle:<\/strong><\/li>\n<li data-start=\"1349\" data-end=\"1376\">Speed: 5.000\u202fmin\u207b\u00b9<\/li>\n<li data-start=\"1381\" data-end=\"1437\">Milling spindle motor: 5,5\u202fkW (100\u202f% ED) \/ 7,5\u202fkW (40\u202f% ED)<\/li>\n<li data-start=\"1476\" data-end=\"1499\"><strong data-start=\"1476\" data-end=\"1497\">Tool taper:<\/strong><\/li>\n<li data-start=\"1504\" data-end=\"1530\">External turning tool: 25 mm<\/li>\n<li data-start=\"1535\" data-end=\"1561\">Internal turning tool: 50 mm<\/li>\n<li data-start=\"1566\" data-end=\"1603\">Drill bit \/ milling cutter: \u00d825 mm \/ M24 thread<\/li>\n<li data-start=\"1605\" data-end=\"1636\"><strong data-start=\"1612\" data-end=\"1636\">Axis &amp; travel distances<\/strong><\/li>\n<li data-start=\"1640\" data-end=\"1691\"><strong data-start=\"1640\" data-end=\"1663\">X-axis travel distance:<\/strong> 270 mm (rapid traverse 30 m\/min)<\/li>\n<li data-start=\"1694\" data-end=\"1760\"><strong data-start=\"1694\" data-end=\"1717\">Y-axis travel distance:<\/strong> \u00b175 mm (total 150 mm, rapid traverse 15 m\/min)<\/li>\n<li data-start=\"1763\" data-end=\"1816\"><strong data-start=\"1763\" data-end=\"1786\">Z-axis travel distance:<\/strong> 1.625 mm (rapid traverse 33 m\/min)<\/li>\n<li data-start=\"1819\" data-end=\"1858\"><strong data-start=\"1819\" data-end=\"1831\">C-axis<\/strong> 0.0001\u00b0<\/li>\n<li data-start=\"1860\" data-end=\"1880\"><strong data-start=\"1867\" data-end=\"1880\">Tail stock<\/strong>\n<ul>\n<li data-start=\"1884\" data-end=\"1903\"><strong data-start=\"1884\" data-end=\"1897\">Recording:<\/strong> MK5<\/li>\n<\/ul>\n<\/li>\n<li data-start=\"2013\" data-end=\"2044\"><strong data-start=\"2021\" data-end=\"2044\">Additional features<\/strong>\n<ul>\n<li data-start=\"2048\" data-end=\"2095\"><strong data-start=\"2048\" data-end=\"2069\">Coolant system:<\/strong> High-pressure cooling 15 bar<\/li>\n<li data-start=\"2048\" data-end=\"2095\"><strong>Automatic parts catcher<\/strong><\/li>\n<li data-start=\"2098\" data-end=\"2151\"><strong data-start=\"2098\" data-end=\"2149\">Chip conveyor (side discharge)<\/strong><\/li>\n<li data-start=\"2154\" data-end=\"2220\"><strong data-start=\"2154\" data-end=\"2218\">Automatic Tool Eye (tool measurement &amp; breakage control)<\/strong><\/li>\n<li data-start=\"2154\" data-end=\"2220\"><strong>Self-centering steady rest SMW<\/strong><\/li>\n<li data-start=\"2154\" data-end=\"2220\"><strong>Interface bar feeder<\/strong><\/li>\n<li data-start=\"2223\" data-end=\"2245\"><strong data-start=\"2223\" data-end=\"2243\">Oil mist extraction<\/strong><\/li>\n<li data-start=\"2248\" data-end=\"2281\"><strong data-start=\"2248\" data-end=\"2279\">Absolute positioning system<\/strong><\/li>\n<li data-start=\"2284\" data-end=\"2339\"><strong data-start=\"2284\" data-end=\"2337\">Automatic on\/off switch &amp; warm-up function<\/strong><\/li>\n<li data-start=\"2381\" data-end=\"2439\"><strong data-start=\"2381\" data-end=\"2437\">Mazak Intelligent Thermal Shield (heat compensation)<\/strong><\/li>\n<li data-start=\"2442\" data-end=\"2503\"><strong data-start=\"2442\" data-end=\"2501\">Mazak Intelligent Safety Shield (collision monitoring)<\/strong><\/li>\n<li data-start=\"2506\" data-end=\"2550\"><strong data-start=\"2506\" data-end=\"2548\">LAN interface &amp; SD card interface<\/strong><\/li>\n<\/ul>\n<\/li>\n<li data-start=\"2593\" data-end=\"2628\"><strong data-start=\"2600\" data-end=\"2628\">Machine dimensions &amp; weights<\/strong>\n<ul>\n<li data-start=\"2632\" data-end=\"2653\"><strong data-start=\"2632\" data-end=\"2642\">Length:<\/strong> 4.500\u202fmm<\/li>\n<li data-start=\"2656\" data-end=\"2678\"><strong data-start=\"2656\" data-end=\"2667\">Width:<\/strong> 2.100\u202fmm<\/li>\n<li data-start=\"2681\" data-end=\"2701\"><strong data-start=\"2681\" data-end=\"2690\">Height:<\/strong> 2.175\u202fmm<\/li>\n<li data-start=\"2704\" data-end=\"2736\"><strong data-start=\"2704\" data-end=\"2725\">Machine weight:<\/strong> 9.000\u202fkg<\/li>\n<\/ul>\n<\/li>\n<\/ul>\n[quform id=\"2\" name=\"Anfrage\"]","protected":false},"featured_media":718,"template":"","meta":[],"product_brand":[],"product_cat":[21,42,22],"product_tag":[],"class_list":{"0":"post-716","1":"product","2":"type-product","3":"status-publish","4":"has-post-thumbnail","6":"product_cat-cnc-drehmaschinen","7":"product_cat-maschinen","8":"product_cat-mazak","10":"first","11":"instock","12":"taxable","13":"shipping-taxable","14":"product-type-simple"},"_links":{"self":[{"href":"https:\/\/gematec.de\/en\/wp-json\/wp\/v2\/product\/716","targetHints":{"allow":["GET"]}}],"collection":[{"href":"https:\/\/gematec.de\/en\/wp-json\/wp\/v2\/product"}],"about":[{"href":"https:\/\/gematec.de\/en\/wp-json\/wp\/v2\/types\/product"}],"wp:featuredmedia":[{"embeddable":true,"href":"https:\/\/gematec.de\/en\/wp-json\/wp\/v2\/media\/718"}],"wp:attachment":[{"href":"https:\/\/gematec.de\/en\/wp-json\/wp\/v2\/media?parent=716"}],"wp:term":[{"taxonomy":"product_brand","embeddable":true,"href":"https:\/\/gematec.de\/en\/wp-json\/wp\/v2\/product_brand?post=716"},{"taxonomy":"product_cat","embeddable":true,"href":"https:\/\/gematec.de\/en\/wp-json\/wp\/v2\/product_cat?post=716"},{"taxonomy":"product_tag","embeddable":true,"href":"https:\/\/gematec.de\/en\/wp-json\/wp\/v2\/product_tag?post=716"}],"curies":[{"name":"wp","href":"https:\/\/api.w.org\/{rel}","templated":true}]}}