{"id":395,"date":"2025-03-31T23:17:00","date_gmt":"2025-03-31T21:17:00","guid":{"rendered":"https:\/\/gematec.de\/?post_type=product&#038;p=395"},"modified":"2025-05-14T21:20:11","modified_gmt":"2025-05-14T19:20:11","slug":"werkzeugaufnahmen-hsk-capto-km63","status":"publish","type":"product","link":"https:\/\/gematec.de\/en\/product\/werkzeugaufnahmen-hsk-capto-km63\/","title":{"rendered":"Werkzeugaufnahmen HSK 63, Capto C06, KM 63, SK 40"},"content":{"rendered":"<p>Die Werkzeugaufnahmen <strong data-start=\"22\" data-end=\"49\">SK40, KM63 und Capto C6<\/strong> haben unterschiedliche Einsatzgebiete. <strong data-start=\"89\" data-end=\"97\">SK40<\/strong> ist eine weit verbreitete <strong data-start=\"124\" data-end=\"146\">Steilkegelaufnahme<\/strong> f\u00fcr Fr\u00e4smaschinen und Bearbeitungszentren, besonders geeignet f\u00fcr <strong data-start=\"213\" data-end=\"248\">mittlere bis schwere Zerspanung<\/strong> in der Metallbearbeitung. <strong data-start=\"275\" data-end=\"283\">KM63<\/strong> ist eine <strong data-start=\"293\" data-end=\"321\">polygonale Schnittstelle<\/strong> (Kennametal) und wird in <strong data-start=\"347\" data-end=\"390\">Dreh-Fr\u00e4szentren und Universalmaschinen<\/strong> eingesetzt, ideal f\u00fcr <strong data-start=\"413\" data-end=\"476\">hochpr\u00e4zise, vibrationsarme Hochgeschwindigkeitsbearbeitung<\/strong>. <strong data-start=\"478\" data-end=\"490\">Capto C6<\/strong> (Coromant) ist ebenfalls eine <strong data-start=\"521\" data-end=\"549\">polygonale Schnittstelle<\/strong>, aber st\u00e4rker in <strong data-start=\"567\" data-end=\"611\">Drehmaschinen und Multitasking-Maschinen<\/strong> verbreitet, mit Fokus auf <strong data-start=\"638\" data-end=\"688\">schnellen Werkzeugwechsel und hohe Steifigkeit<\/strong>. W\u00e4hrend SK40 robust und weit verbreitet ist, bieten KM63 und Capto C6 mehr <strong data-start=\"765\" data-end=\"795\">Flexibilit\u00e4t und Pr\u00e4zision<\/strong> f\u00fcr moderne Fertigungstechniken.<\/p>\n<p class=\"\" data-start=\"1175\" data-end=\"1194\"><strong data-start=\"1175\" data-end=\"1192\">Geeignet f\u00fcr:<\/strong><\/p>\n<ul>\n<li class=\"\" data-start=\"1195\" data-end=\"1274\">\n<p class=\"\" data-start=\"1197\" data-end=\"1274\">Hochpr\u00e4zise Dreh-Fr\u00e4szentren, Multitasking-Maschinen und CNC-Drehmaschinen und CNC-Bearbeitungszentren<\/p>\n<\/li>\n<li class=\"\" data-start=\"1275\" data-end=\"1575\">\n<p class=\"\" data-start=\"1277\" data-end=\"1312\"><strong data-start=\"1277\" data-end=\"1310\">Typische Maschinenhersteller:<\/strong><\/p>\n<\/li>\n<li data-start=\"1317\" data-end=\"1349\">DMG MORI<\/li>\n<li>Haas<\/li>\n<li data-start=\"1354\" data-end=\"1390\">Mazak<\/li>\n<li>Hermle<\/li>\n<li>Grob<\/li>\n<li>Starrag Heckert<\/li>\n<\/ul>","protected":false},"excerpt":{"rendered":"<p>Diverse Werkzeugaufnahmen (SK40, Capto C06, KM63)<\/p>\n[quform id=\"2\" name=\"Anfrage\"]","protected":false},"featured_media":490,"template":"","meta":[],"product_brand":[],"product_cat":[42,19,23],"product_tag":[],"class_list":{"0":"post-395","1":"product","2":"type-product","3":"status-publish","4":"has-post-thumbnail","6":"product_cat-maschinen","7":"product_cat-sonstige-maschinen","8":"product_cat-zubehoer","10":"first","11":"instock","12":"taxable","13":"shipping-taxable","14":"product-type-simple"},"_links":{"self":[{"href":"https:\/\/gematec.de\/en\/wp-json\/wp\/v2\/product\/395","targetHints":{"allow":["GET"]}}],"collection":[{"href":"https:\/\/gematec.de\/en\/wp-json\/wp\/v2\/product"}],"about":[{"href":"https:\/\/gematec.de\/en\/wp-json\/wp\/v2\/types\/product"}],"wp:featuredmedia":[{"embeddable":true,"href":"https:\/\/gematec.de\/en\/wp-json\/wp\/v2\/media\/490"}],"wp:attachment":[{"href":"https:\/\/gematec.de\/en\/wp-json\/wp\/v2\/media?parent=395"}],"wp:term":[{"taxonomy":"product_brand","embeddable":true,"href":"https:\/\/gematec.de\/en\/wp-json\/wp\/v2\/product_brand?post=395"},{"taxonomy":"product_cat","embeddable":true,"href":"https:\/\/gematec.de\/en\/wp-json\/wp\/v2\/product_cat?post=395"},{"taxonomy":"product_tag","embeddable":true,"href":"https:\/\/gematec.de\/en\/wp-json\/wp\/v2\/product_tag?post=395"}],"curies":[{"name":"wp","href":"https:\/\/api.w.org\/{rel}","templated":true}]}}