{"id":180,"date":"2025-03-14T13:56:44","date_gmt":"2025-03-14T12:56:44","guid":{"rendered":"http:\/\/gematec.merlinz.de\/?page_id=180"},"modified":"2025-04-04T11:24:00","modified_gmt":"2025-04-04T09:24:00","slug":"kontakt","status":"publish","type":"page","link":"https:\/\/gematec.de\/en\/kontakt\/","title":{"rendered":"Contact us"},"content":{"rendered":"<h1>Your concerns are important to us.<br \/>\nContact us for fast and competent help.<\/h1>\n<h2>Contact us<\/h2>\n<div>\n<p>Hohenstaufenstra\u00dfe 43<br \/>73547 Lorch<\/p>\n<\/div>\n<ul>\n<li>\n<h3>Fon<\/h3>\n<div><a class=\"uk-link-reset\" href=\"tel:+49717291080\">07172 910 80<\/a><\/div>\n<\/li>\n<li>\n<h3>E-Mail<\/h3>\n<div><a class=\"uk-link-reset\" href=\"mailto:info@gematec.de\">mailto:info@gematec.de<\/a><\/div>\n<\/li>\n<\/ul>\n<h2>Opening hours<\/h2>\n<ul>\n<li>\n<h3>Mo - Th<\/h3>\n<div>\n<p>08:00 \u2013 17:00 Uhr<\/p>\n<\/div>\n<\/li>\n<li>\n<h3>Fr<\/h3>\n<div>\n<p>08:00 \u2013 14:30 Uhr<\/p>\n<\/div>\n<\/li>\n<li>\n<h3>Sa - Su<\/h3>\n<div>\n<p>closed<\/p>\n<\/div>\n<\/li>\n<\/ul>\n<h2>Follow Us<\/h2>\n<div>\n<p><a href=\"https:\/\/www.facebook.com\/GematecGmbH\" target=\"_blank\" rel=\"noopener\">Facebook<\/a><\/p>\n<\/div>\n<div>\n<p>48.796436650000004,9.705062500913053<\/p>\n<h3>Gematec GmbH<\/h3>\n<div>\n<p>Hohenstaufenstra\u00dfe 43,<br \/>73547 Lorch<\/p>\n<\/div>\n<\/div>\n<p><!--more--><br \/>\n<!-- {\"type\":\"layout\",\"children\":[{\"name\":\"Image\",\"type\":\"section\",\"props\":{\"height\":\"viewport\",\"height_viewport\":40,\"image\":\"wp-content\\\/uploads\\\/2025\\\/03\\\/4.jpg\",\"image_effect\":\"fixed\",\"image_loading\":true,\"image_position\":\"center-center\",\"image_size\":\"cover\",\"image_width\":\"2560\",\"padding\":\"large\",\"preserve_color\":false,\"style\":\"default\",\"text_color\":\"light\",\"title_breakpoint\":\"xl\",\"title_position\":\"top-left\",\"title_rotation\":\"left\",\"vertical_align\":\"middle\",\"width\":\"default\"},\"children\":[{\"type\":\"row\",\"children\":[{\"type\":\"column\",\"props\":{\"image_position\":\"center-center\",\"position_sticky_breakpoint\":\"m\",\"width_medium\":\"1-1\"}}]}]},{\"name\":\"Contact\",\"type\":\"section\",\"props\":{\"animation\":\"fade\",\"image_position\":\"center-center\",\"image_size\":\"cover\",\"padding\":\"large\",\"padding_remove_bottom\":false,\"style\":\"default\",\"title_breakpoint\":\"xl\",\"title_position\":\"top-left\",\"title_rotation\":\"left\",\"vertical_align\":\"\",\"width\":\"default\"},\"children\":[{\"type\":\"row\",\"children\":[{\"type\":\"column\",\"props\":{\"image_position\":\"center-center\",\"position_sticky_breakpoint\":\"m\",\"width_medium\":\"1-1\"},\"children\":[{\"type\":\"headline\",\"props\":{\"content\":\"Ihr Anliegen ist uns wichtig.<br \/>\\nKontaktieren Sie uns f\\u00fcr schnelle und kompetente Hilfe.\",\"maxwidth\":\"2xlarge\",\"text_align\":\"left\",\"title_element\":\"h1\",\"title_style\":\"h2\"}}]}]},{\"type\":\"row\",\"props\":{\"column_gap\":\"large\",\"layout\":\"1-3,1-3,1-3\",\"margin\":\"xlarge\",\"row_gap\":\"large\",\"width\":\"default\"},\"children\":[{\"type\":\"column\",\"props\":{\"image_position\":\"center-center\",\"position_sticky_breakpoint\":\"m\",\"width_medium\":\"1-3\"},\"children\":[{\"type\":\"headline\",\"props\":{\"content\":\"Kontakt\",\"margin\":\"medium\",\"margin_remove_bottom\":true,\"title_decoration\":\"divider\",\"title_element\":\"h2\",\"title_style\":\"h4\"}},{\"type\":\"text\",\"props\":{\"column_breakpoint\":\"m\",\"content\":\"\n\n<p>Hohenstaufenstra\\u00dfe 43<br \\\/>73547 Lorch<\\\/p>\",\"margin\":\"default\",\"text_align\":\"left\"}},{\"type\":\"description_list\",\"props\":{\"column_breakpoint\":\"m\",\"layout\":\"grid-2\",\"list_element\":\"ul\",\"meta_align\":\"below-content\",\"meta_style\":\"text-meta\",\"show_content\":true,\"show_link\":true,\"show_meta\":true,\"show_title\":true,\"title_element\":\"div\",\"title_grid_column_gap\":\"small\",\"title_grid_row_gap\":\"small\",\"title_grid_width\":\"small\"},\"children\":[{\"type\":\"description_list_item\",\"props\":{\"content\":\"<a class=\\\"uk-link-reset\\\" href=\\\"tel:+49717291080\\\">07172 910 80<\\\/a>\",\"title\":\"Telefon\"}},{\"type\":\"description_list_item\",\"props\":{\"content\":\"<a class=\\\"uk-link-reset\\\" href=\\\"mailto:info@gematec.de\\\">info@gematec.de<\\\/a>\",\"title\":\"E-Mail\"}}]}]},{\"type\":\"column\",\"props\":{\"image_position\":\"center-center\",\"position_sticky_breakpoint\":\"m\",\"width_medium\":\"1-3\"},\"children\":[{\"type\":\"headline\",\"props\":{\"content\":\"\\u00d6ffnungszeiten\",\"margin\":\"medium\",\"margin_remove_bottom\":true,\"title_decoration\":\"divider\",\"title_element\":\"h2\",\"title_style\":\"h4\"}},{\"type\":\"description_list\",\"props\":{\"column_breakpoint\":\"m\",\"layout\":\"grid-2\",\"list_element\":\"ul\",\"meta_align\":\"below-content\",\"meta_style\":\"text-meta\",\"show_content\":true,\"show_link\":true,\"show_meta\":true,\"show_title\":true,\"title_element\":\"div\",\"title_grid_column_gap\":\"small\",\"title_grid_row_gap\":\"small\",\"title_grid_width\":\"small\"},\"children\":[{\"type\":\"description_list_item\",\"props\":{\"content\":\"\n\n<p>08:00 \\u2013 17:00 Uhr<\\\/p>\",\"title\":\"Mo - Do\"}},{\"type\":\"description_list_item\",\"props\":{\"content\":\"\n\n<p>08:00 \\u2013 14:30 Uhr<\\\/p>\",\"title\":\"Fr\"}},{\"type\":\"description_list_item\",\"props\":{\"content\":\"\n\n<p>geschlossen<\\\/p>\",\"meta\":\"\",\"title\":\"Sa - So\"}}]}]},{\"type\":\"column\",\"props\":{\"image_position\":\"center-center\",\"position_sticky_breakpoint\":\"m\",\"width_medium\":\"1-3\"},\"children\":[{\"type\":\"headline\",\"props\":{\"content\":\"Follow Us\",\"margin_remove_bottom\":false,\"title_decoration\":\"divider\",\"title_element\":\"h2\",\"title_style\":\"h4\"}},{\"type\":\"text\",\"props\":{\"column_breakpoint\":\"m\",\"content\":\"\n\n<p><a href=\\\"https:\\\/\\\/www.facebook.com\\\/GematecGmbH\\\" target=\\\"_blank\\\" rel=\\\"noopener\\\">Facebook<\\\/a><\\\/p>\",\"margin\":\"remove-vertical\",\"margin_remove_bottom\":true}}]}]}]},{\"name\":\"Map\",\"type\":\"section\",\"props\":{\"image_position\":\"center-center\",\"padding\":\"none\",\"style\":\"default\",\"title_breakpoint\":\"xl\",\"title_position\":\"top-left\",\"title_rotation\":\"left\",\"vertical_align\":\"\",\"width\":\"\"},\"children\":[{\"type\":\"row\",\"children\":[{\"type\":\"column\",\"props\":{\"image_position\":\"center-center\",\"position_sticky_breakpoint\":\"m\",\"width_medium\":\"1-1\"},\"children\":[{\"type\":\"map\",\"props\":{\"controls\":false,\"dragging\":false,\"height\":\"600\",\"image_svg_color\":\"emphasis\",\"link_style\":\"default\",\"link_text\":\"Read more\",\"margin\":\"default\",\"max_zoom\":18,\"meta_align\":\"below-title\",\"meta_element\":\"div\",\"meta_style\":\"text-meta\",\"min_zoom\":0,\"poi\":false,\"show_content\":true,\"show_image\":true,\"show_link\":true,\"show_meta\":true,\"show_title\":true,\"styler_gamma\":\"0.3\",\"styler_lightness\":\"90\",\"styler_saturation\":\"-100\",\"title_element\":\"h3\",\"title_hover_style\":\"reset\",\"type\":\"roadmap\",\"zoom\":\"16\",\"zooming\":false},\"children\":[{\"type\":\"map_item\",\"props\":{\"content\":\"\n\n<p>Hohenstaufenstra\\u00dfe 43,<br \\\/>73547 Lorch<\\\/p>\",\"location\":\"48.796436650000004,9.705062500913053\",\"title\":\"Gematec GmbH\"}}]}]}]}]}],\"version\":\"4.5.11\"} --><\/p>","protected":false},"excerpt":{"rendered":"<p>Ihr Anliegen ist uns wichtig. Kontaktieren Sie uns f\u00fcr schnelle und kompetente Hilfe. Kontakt Hohenstaufenstra\u00dfe 4373547 Lorch Telefon 07172 910 80 E-Mail info@gematec.de \u00d6ffnungszeiten Mo &#8211; Do 08:00 \u2013 17:00 Uhr Fr 08:00 \u2013 14:30 Uhr Sa &#8211; So geschlossen Follow Us Facebook 48.796436650000004,9.705062500913053 Gematec GmbH Hohenstaufenstra\u00dfe 43,73547 Lorch<\/p>","protected":false},"author":1,"featured_media":0,"parent":0,"menu_order":0,"comment_status":"closed","ping_status":"closed","template":"","meta":{"footnotes":""},"class_list":["post-180","page","type-page","status-publish","hentry"],"_links":{"self":[{"href":"https:\/\/gematec.de\/en\/wp-json\/wp\/v2\/pages\/180","targetHints":{"allow":["GET"]}}],"collection":[{"href":"https:\/\/gematec.de\/en\/wp-json\/wp\/v2\/pages"}],"about":[{"href":"https:\/\/gematec.de\/en\/wp-json\/wp\/v2\/types\/page"}],"author":[{"embeddable":true,"href":"https:\/\/gematec.de\/en\/wp-json\/wp\/v2\/users\/1"}],"replies":[{"embeddable":true,"href":"https:\/\/gematec.de\/en\/wp-json\/wp\/v2\/comments?post=180"}],"version-history":[{"count":20,"href":"https:\/\/gematec.de\/en\/wp-json\/wp\/v2\/pages\/180\/revisions"}],"predecessor-version":[{"id":480,"href":"https:\/\/gematec.de\/en\/wp-json\/wp\/v2\/pages\/180\/revisions\/480"}],"wp:attachment":[{"href":"https:\/\/gematec.de\/en\/wp-json\/wp\/v2\/media?parent=180"}],"curies":[{"name":"wp","href":"https:\/\/api.w.org\/{rel}","templated":true}]}}