{"id":174,"date":"2025-03-14T13:56:21","date_gmt":"2025-03-14T12:56:21","guid":{"rendered":"http:\/\/gematec.merlinz.de\/?page_id=174"},"modified":"2025-04-04T11:25:31","modified_gmt":"2025-04-04T09:25:31","slug":"leistungen","status":"publish","type":"page","link":"https:\/\/gematec.de\/en\/leistungen\/","title":{"rendered":"Services"},"content":{"rendered":"<h1>Our services<\/h1>\n<div>Gematec: Your partner for comprehensive machine solutions.<\/div>\n<ul>\n<li>\n<h3>Consulting<\/h3>\n<p>\ud83e\udd1d<\/p>\n<div>Wir beraten Sie umfassend, um die optimale Maschine f\u00fcr Ihre Anforderungen zu finden.<br \/>\nWir analysieren Produktionsprozesse und bieten ma\u00dfgeschneiderte L\u00f6sungen.<\/div>\n<\/li>\n<li>\n<h3>Sale<\/h3>\n<p>\ud83d\uded2<\/p>\n<div>Bei uns findest du eine breite Auswahl an hochwertigen, gebrauchten Industriemaschinen zu fairen Preisen.<br \/>\nWir begleiten dich durch den gesamten Verkaufsprozess, von der Auswahl bis zur Lieferung.<\/div>\n<\/li>\n<li>\n<h3>Commissioning<\/h3>\n<p>\ud83d\udee0\ufe0f<\/p>\n<div>Unsere Techniker \u00fcbernehmen die fachgerechte Installation und Inbetriebnahme deiner Maschinen vor Ort.<br \/>\nWir sorgen daf\u00fcr, dass deine Produktion schnell und reibungslos starten kann.<\/div>\n<\/li>\n<li>\n<h3>Briefing<\/h3>\n<p>\ud83d\udcda<\/p>\n<div>\n<p>We offer practice-oriented instruction so that your employees can operate the machines optimally. Our training courses are individually tailored to your needs.<\/p>\n<\/div>\n<\/li>\n<li>\n<h3>Purchase<\/h3>\n<p>\ud83d\udcb0<\/p>\n<div>Wir kaufen deine gebrauchten Industriemaschinen zu marktgerechten Preisen an.<br \/>\nWir sorgen f\u00fcr einen schnellen und unkomplizierten Ankaufsprozess.<\/div>\n<\/li>\n<li>\n<h3>Environmentally friendly<\/h3>\n<p>\ud83c\udf0d<\/p>\n<div>Wir achten auf eine umweltschonende Demontage und Entsorgung von Maschinen.<br \/>\nDurch den Wiederverkauf gebrauchter Maschinen leisten wir einen Beitrag zur Nachhaltigkeit.<\/div>\n<\/li>\n<\/ul>\n<h2>Our machinery<\/h2>\n<div>Our extensive range of machinery includes a diverse selection of tested, used industrial machines for a wide variety of requirements.<\/div>\n<p><p>\n        <a href=\"https:\/\/gematec.de\/en\/shop\/\"><strong>Discover all machines<\/strong><\/a>\n    <\/p>\n<\/p>\n<div>\n<\/div>\n<p><!--more--><br \/>\n<!-- {\"type\":\"layout\",\"children\":[{\"type\":\"section\",\"props\":{\"id\":\"leistungen\",\"image_position\":\"center-center\",\"padding\":\"none\",\"padding_remove_bottom\":false,\"padding_remove_top\":false,\"style\":\"default\",\"title_breakpoint\":\"xl\",\"title_position\":\"top-left\",\"title_rotation\":\"left\",\"vertical_align\":\"\",\"width\":\"\"},\"children\":[{\"type\":\"row\",\"children\":[{\"type\":\"column\",\"props\":{\"image_position\":\"center-center\",\"position_sticky_breakpoint\":\"m\"}}]},{\"type\":\"row\",\"props\":{\"margin\":\"xlarge\",\"width\":\"small\"},\"children\":[{\"type\":\"column\",\"props\":{\"image_position\":\"center-center\",\"position_sticky_breakpoint\":\"m\",\"width_medium\":\"1-1\"},\"children\":[{\"type\":\"headline\",\"props\":{\"content\":\"Unsere Leistungen\",\"text_align\":\"center\",\"title_element\":\"h1\"}},{\"type\":\"text\",\"props\":{\"block_align\":\"center\",\"column_breakpoint\":\"m\",\"content\":\"Gematec: Ihre Partner f\\u00fcr umfassende Maschinenl\\u00f6sungen.\",\"margin\":\"default\",\"maxwidth\":\"xlarge\",\"text_align\":\"center\",\"text_style\":\"lead\"}},{\"type\":\"grid\",\"props\":{\"block_align_breakpoint\":\"s\",\"block_align_fallback\":\"center\",\"content_column_breakpoint\":\"m\",\"content_margin\":\"small\",\"css\":\".el-meta {\\n\\tfont-size: 36px;\\n}\",\"filter_align\":\"left\",\"filter_all\":true,\"filter_grid_breakpoint\":\"m\",\"filter_grid_width\":\"auto\",\"filter_position\":\"top\",\"filter_style\":\"tab\",\"grid_column_gap\":\"large\",\"grid_default\":\"1\",\"grid_medium\":\"\",\"grid_row_gap\":\"large\",\"grid_small\":\"2\",\"icon_width\":80,\"image_align\":\"left\",\"image_grid_breakpoint\":\"m\",\"image_grid_width\":\"auto\",\"image_svg_color\":\"primary\",\"image_svg_inline\":true,\"image_width\":\"35\",\"item_animation\":true,\"lightbox_bg_close\":true,\"link_style\":\"default\",\"link_text\":\"Read more\",\"margin\":\"large\",\"meta_align\":\"above-title\",\"meta_element\":\"div\",\"meta_style\":\"text-meta\",\"parallax_easing\":\"1\",\"show_content\":true,\"show_hover_image\":true,\"show_hover_video\":true,\"show_image\":true,\"show_link\":true,\"show_meta\":true,\"show_title\":true,\"show_video\":true,\"text_align\":\"left\",\"text_align_breakpoint\":\"m\",\"text_align_fallback\":\"center\",\"title_align\":\"top\",\"title_element\":\"h3\",\"title_grid_breakpoint\":\"m\",\"title_grid_width\":\"1-2\",\"title_hover_style\":\"reset\",\"title_style\":\"h5\"},\"children\":[{\"type\":\"grid_item\",\"props\":{\"content\":\"Wir beraten Sie umfassend, um die optimale Maschine f\\u00fcr Ihre Anforderungen zu finden.\\nWir analysieren Produktionsprozesse und bieten ma\\u00dfgeschneiderte L\\u00f6sungen.\",\"image\":\"\",\"meta\":\"\\ud83e\\udd1d\",\"title\":\"Beratung\"}},{\"type\":\"grid_item\",\"props\":{\"content\":\"Bei uns findest du eine breite Auswahl an hochwertigen, gebrauchten Industriemaschinen zu fairen Preisen.\\nWir begleiten dich durch den gesamten Verkaufsprozess, von der Auswahl bis zur Lieferung.\",\"image\":\"\",\"meta\":\"\\ud83d\\uded2\",\"title\":\"Verkauf\"}},{\"type\":\"grid_item\",\"props\":{\"content\":\"Unsere Techniker \\u00fcbernehmen die fachgerechte Installation und Inbetriebnahme deiner Maschinen vor Ort.\\nWir sorgen daf\\u00fcr, dass deine Produktion schnell und reibungslos starten kann.\",\"image\":\"\",\"meta\":\"\\ud83d\\udee0\\ufe0f\",\"title\":\"Inbetriebnahme\"}},{\"type\":\"grid_item\",\"props\":{\"content\":\"\n\n<p>Wir bieten praxisorientierte Einweisungen, damit Ihre Mitarbeiter die Maschinen optimal bedienen k\\u00f6nnen. Unsere Schulungen sind individuell auf Ihre Bed\\u00fcrfnisse zugeschnitten.<\\\/p>\",\"image\":\"\",\"meta\":\"\\ud83d\\udcda\",\"title\":\"Einweisung\"}},{\"type\":\"grid_item\",\"props\":{\"content\":\"Wir kaufen deine gebrauchten Industriemaschinen zu marktgerechten Preisen an.\\nWir sorgen f\\u00fcr einen schnellen und unkomplizierten Ankaufsprozess.\",\"image\":\"\",\"meta\":\"\\ud83d\\udcb0\",\"title\":\"Ankauf\"}},{\"type\":\"grid_item\",\"props\":{\"content\":\"Wir achten auf eine umweltschonende Demontage und Entsorgung von Maschinen.\\nDurch den Wiederverkauf gebrauchter Maschinen leisten wir einen Beitrag zur Nachhaltigkeit.\",\"image\":\"\",\"meta\":\"\\ud83c\\udf0d\",\"title\":\"Umweltschonend\"}}]},{\"type\":\"grid\",\"props\":{\"block_align_breakpoint\":\"s\",\"block_align_fallback\":\"center\",\"content_column_breakpoint\":\"m\",\"content_margin\":\"small\",\"filter_align\":\"left\",\"filter_all\":true,\"filter_grid_breakpoint\":\"m\",\"filter_grid_width\":\"auto\",\"filter_position\":\"top\",\"filter_style\":\"tab\",\"grid_column_gap\":\"large\",\"grid_default\":\"1\",\"grid_medium\":\"\",\"grid_row_gap\":\"large\",\"grid_small\":\"2\",\"icon_width\":80,\"image_align\":\"left\",\"image_grid_breakpoint\":\"m\",\"image_grid_width\":\"auto\",\"image_svg_color\":\"primary\",\"image_svg_inline\":true,\"image_width\":\"35\",\"item_animation\":true,\"lightbox_bg_close\":true,\"link_style\":\"default\",\"link_text\":\"Read more\",\"margin\":\"large\",\"meta_align\":\"below-title\",\"meta_element\":\"div\",\"meta_style\":\"text-meta\",\"parallax_easing\":\"1\",\"show_content\":true,\"show_hover_image\":true,\"show_hover_video\":true,\"show_image\":true,\"show_link\":true,\"show_meta\":true,\"show_title\":true,\"show_video\":true,\"status\":\"disabled\",\"text_align\":\"left\",\"text_align_breakpoint\":\"m\",\"text_align_fallback\":\"center\",\"title_align\":\"top\",\"title_element\":\"h3\",\"title_grid_breakpoint\":\"m\",\"title_grid_width\":\"1-2\",\"title_hover_style\":\"reset\",\"title_style\":\"h5\"},\"children\":[{\"type\":\"grid_item\",\"props\":{\"content\":\"Lorem ipsum dolor sit amet, consetetur sadipscing elitr, sed diam nonumy eirmod tempor invidunt ut labore et dolore.\",\"image\":\"wp-content\\\/uploads\\\/icon-calendar.svg\",\"title\":\"Schnell\"}},{\"type\":\"grid_item\",\"props\":{\"content\":\"Lorem ipsum dolor sit amet, consetetur sadipscing elitr, sed diam nonumy eirmod tempor invidunt ut labore et dolore.\",\"image\":\"wp-content\\\/uploads\\\/icon-upgrade.svg\",\"title\":\"Immer\"}},{\"type\":\"grid_item\",\"props\":{\"content\":\"Lorem ipsum dolor sit amet, consetetur sadipscing elitr, sed diam nonumy eirmod tempor invidunt ut labore et dolore.\",\"image\":\"wp-content\\\/uploads\\\/icon-no-hidden-costs.svg\",\"title\":\"G\\u00fcnstig\"}},{\"type\":\"grid_item\",\"props\":{\"content\":\"Lorem ipsum dolor sit amet, consetetur sadipscing elitr, sed diam nonumy eirmod tempor invidunt ut labore et dolore.\",\"image\":\"wp-content\\\/uploads\\\/icon-truck-01.svg\",\"title\":\"Schnell\"}},{\"type\":\"grid_item\",\"props\":{\"content\":\"Lorem ipsum dolor sit amet, consetetur sadipscing elitr, sed diam nonumy eirmod tempor invidunt ut labore et dolore.\",\"image\":\"wp-content\\\/uploads\\\/icon-protection.svg\",\"title\":\"Sicher\"}},{\"type\":\"grid_item\",\"props\":{\"content\":\"Lorem ipsum dolor sit amet, consetetur sadipscing elitr, sed diam nonumy eirmod tempor invidunt ut labore et dolore.\",\"image\":\"wp-content\\\/uploads\\\/icon-sustainability.svg\",\"title\":\"Umweltschonend\"}}]}]}]}],\"name\":\"Leistungen\"},{\"type\":\"section\",\"props\":{\"image_position\":\"center-center\",\"style\":\"default\",\"title_breakpoint\":\"xl\",\"title_position\":\"top-left\",\"title_rotation\":\"left\",\"vertical_align\":\"middle\",\"width\":\"default\"},\"children\":[{\"type\":\"row\",\"props\":{\"column_gap\":\"small\",\"layout\":\"1-2,1-2\",\"padding_remove_horizontal\":true,\"row_gap\":\"small\",\"width\":\"xlarge\"},\"children\":[{\"type\":\"column\",\"props\":{\"image_position\":\"center-center\",\"position_sticky_breakpoint\":\"m\",\"style\":\"tile-primary\",\"vertical_align\":\"middle\",\"width_medium\":\"1-2\"},\"children\":[{\"type\":\"headline\",\"props\":{\"block_align\":\"center\",\"content\":\"Unser Maschinenpark\",\"text_align\":\"center\",\"title_element\":\"h2\"}},{\"type\":\"text\",\"props\":{\"block_align\":\"center\",\"column_breakpoint\":\"m\",\"content\":\"Unser umfangreicher Maschinenpark umfasst eine vielf\\u00e4ltige Auswahl an gepr\\u00fcften, gebrauchten Industriemaschinen f\\u00fcr unterschiedlichste Anforderungen.\",\"margin\":\"default\",\"maxwidth\":\"xlarge\",\"text_align\":\"center\"}},{\"type\":\"button\",\"props\":{\"block_align\":\"center\",\"grid_column_gap\":\"small\",\"grid_row_gap\":\"small\",\"margin\":\"medium\",\"maxwidth\":\"large\",\"text_align\":\"center\"},\"children\":[{\"type\":\"button_item\",\"props\":{\"button_style\":\"default\",\"content\":\"<strong>Alle Maschinen entdecken<\\\/strong>\",\"dialog_layout\":\"modal\",\"dialog_offcanvas_flip\":true,\"icon_align\":\"left\",\"link\":\"https:\\\/\\\/gematec.de\\\/shop\\\/\"}}]}]},{\"type\":\"column\",\"props\":{\"image_position\":\"center-center\",\"position_sticky_breakpoint\":\"m\",\"width_medium\":\"1-2\"},\"children\":[{\"type\":\"overlay-slider\",\"props\":{\"image_width\":\"1000\",\"link_style\":\"default\",\"link_text\":\"\",\"margin\":\"default\",\"meta_align\":\"below-title\",\"meta_element\":\"div\",\"meta_style\":\"text-meta\",\"nav\":\"\",\"nav_align\":\"center\",\"nav_below\":true,\"nav_breakpoint\":\"s\",\"nav_position\":\"bottom-center\",\"nav_position_margin\":\"medium\",\"overlay_link\":true,\"overlay_mode\":\"caption\",\"overlay_position\":\"center\",\"overlay_transition\":\"fade\",\"show_content\":true,\"show_hover_image\":true,\"show_hover_video\":true,\"show_link\":true,\"show_meta\":true,\"show_title\":true,\"slidenav\":\"\",\"slidenav_breakpoint\":\"s\",\"slidenav_margin\":\"medium\",\"slidenav_outside_breakpoint\":\"xl\",\"slider_autoplay\":true,\"slider_autoplay_interval\":\"4\",\"slider_autoplay_pause\":true,\"slider_center\":false,\"slider_gap\":\"small\",\"slider_sets\":false,\"slider_velocity\":\"0.7\",\"slider_width\":\"fixed\",\"slider_width_default\":\"1-2\",\"slider_width_large\":\"1-2\",\"slider_width_medium\":\"1-1\",\"text_align\":\"center\",\"title_element\":\"h3\",\"title_hover_style\":\"reset\"},\"children\":[{\"type\":\"overlay-slider_item\",\"source\":{\"query\":{\"name\":\"products.customProducts\",\"arguments\":{\"terms\":[18],\"product_brand_operator\":\"IN\",\"product_cat_operator\":\"IN\",\"product_tag_operator\":\"IN\",\"product_visibility_operator\":\"IN\",\"users\":[],\"users_operator\":\"IN\",\"offset\":0,\"limit\":10,\"order\":\"date\",\"order_direction\":\"DESC\"}},\"props\":{\"image\":{\"name\":\"featuredImage.url\"},\"title\":{\"name\":\"title\"}}}}]}]}]},{\"type\":\"row\",\"children\":[{\"type\":\"column\",\"props\":{\"image_position\":\"center-center\",\"position_sticky_breakpoint\":\"m\"}}]}]},{\"type\":\"section\",\"props\":{\"image_position\":\"center-center\",\"style\":\"default\",\"title_breakpoint\":\"xl\",\"title_position\":\"top-left\",\"title_rotation\":\"left\",\"vertical_align\":\"middle\",\"width\":\"default\"},\"children\":[{\"type\":\"row\",\"children\":[{\"type\":\"column\",\"props\":{\"image_position\":\"center-center\",\"position_sticky_breakpoint\":\"m\"}}]}]}],\"version\":\"4.5.11\"} --><\/p>","protected":false},"excerpt":{"rendered":"<p>Unsere Leistungen Gematec: Ihre Partner f\u00fcr umfassende Maschinenl\u00f6sungen. Beratung \ud83e\udd1d Wir beraten Sie umfassend, um die optimale Maschine f\u00fcr Ihre Anforderungen zu finden. Wir analysieren Produktionsprozesse und bieten ma\u00dfgeschneiderte L\u00f6sungen. Verkauf \ud83d\uded2 Bei uns findest du eine breite Auswahl an hochwertigen, gebrauchten Industriemaschinen zu fairen Preisen. Wir begleiten dich durch den gesamten Verkaufsprozess, von der [&hellip;]<\/p>","protected":false},"author":1,"featured_media":0,"parent":0,"menu_order":0,"comment_status":"closed","ping_status":"closed","template":"","meta":{"footnotes":""},"class_list":["post-174","page","type-page","status-publish","hentry"],"_links":{"self":[{"href":"https:\/\/gematec.de\/en\/wp-json\/wp\/v2\/pages\/174","targetHints":{"allow":["GET"]}}],"collection":[{"href":"https:\/\/gematec.de\/en\/wp-json\/wp\/v2\/pages"}],"about":[{"href":"https:\/\/gematec.de\/en\/wp-json\/wp\/v2\/types\/page"}],"author":[{"embeddable":true,"href":"https:\/\/gematec.de\/en\/wp-json\/wp\/v2\/users\/1"}],"replies":[{"embeddable":true,"href":"https:\/\/gematec.de\/en\/wp-json\/wp\/v2\/comments?post=174"}],"version-history":[{"count":30,"href":"https:\/\/gematec.de\/en\/wp-json\/wp\/v2\/pages\/174\/revisions"}],"predecessor-version":[{"id":482,"href":"https:\/\/gematec.de\/en\/wp-json\/wp\/v2\/pages\/174\/revisions\/482"}],"wp:attachment":[{"href":"https:\/\/gematec.de\/en\/wp-json\/wp\/v2\/media?parent=174"}],"curies":[{"name":"wp","href":"https:\/\/api.w.org\/{rel}","templated":true}]}}